{"id":76,"date":"2021-11-16T10:42:19","date_gmt":"2021-11-16T10:42:19","guid":{"rendered":"http:\/\/phonestudy.org\/?page_id=76"},"modified":"2022-01-31T09:31:08","modified_gmt":"2022-01-31T09:31:08","slug":"projekt","status":"publish","type":"page","link":"https:\/\/phonestudy.org\/en\/sample-page\/projekt","title":{"rendered":"The project"},"content":{"rendered":"<div class=\"wp-block-group alignfull has-background\" style=\"background-color:#f8f4e4\"><div class=\"wp-block-group__inner-container is-layout-flow wp-block-group-is-layout-flow\">\n<div class=\"wp-block-columns alignwide is-layout-flex wp-container-core-columns-is-layout-9d6595d7 wp-block-columns-is-layout-flex\">\n<div class=\"wp-block-column is-layout-flow wp-block-column-is-layout-flow\">\n<div style=\"height:100px\" aria-hidden=\"true\" class=\"wp-block-spacer\"><\/div>\n\n\n\n<h6 class=\"has-text-color wp-block-heading\" id=\"das-projekt\" style=\"color:#000000\">The project<\/h6>\n\n\n\n<p class=\"has-text-color\" style=\"color:#000000;font-size:5vw;line-height:1.1\"><strong><meta charset=\"utf-8\">The PhoneStudy Project<\/strong><\/p>\n\n\n\n<div style=\"height:5px\" aria-hidden=\"true\" class=\"wp-block-spacer\"><\/div>\n<\/div>\n<\/div>\n\n\n\n<div class=\"wp-block-columns alignwide is-layout-flex wp-container-core-columns-is-layout-9d6595d7 wp-block-columns-is-layout-flex\">\n<div class=\"wp-block-column is-layout-flow wp-block-column-is-layout-flow\" style=\"flex-basis:66.66%\">\n<p class=\"has-medium-font-size\">Communicating with friends, shopping online and listening to music - the smartphone has become a personal companion in our everyday lives. With every use, we produce data that provide information about ourselves. This data is very valuable for science because it objectively reflects everyday behavior and experience. Thus, smartphones enable objective research that is close to everyday life and goes beyond the tried and tested laboratory experiments and survey methods.&nbsp;<\/p>\n\n\n\n<p class=\"has-medium-font-size\">This is the goal we are pursuing as part of our PhoneStudy research project at Ludwig-Maximilians-Universit\u00e4t M\u00fcnchen (LMU). Through the PhoneStudy research app we developed, we integrate research into everyday life and thus establish the smartphone as a mobile and privacy-friendly research lab.This is the goal we are pursuing as part of our PhoneStudy research project at Ludwig-Maximilians-Universit\u00e4t M\u00fcnchen (LMU). Through the PhoneStudy research app we developed, we integrate research into everyday life and thus establish the smartphone as a mobile and privacy-friendly research lab.<\/p>\n<\/div>\n\n\n\n<div class=\"wp-block-column is-layout-flow wp-block-column-is-layout-flow\" style=\"flex-basis:33.33%\">\n<figure class=\"wp-block-image size-full\"><img loading=\"lazy\" decoding=\"async\" width=\"267\" height=\"261\" src=\"https:\/\/phonestudy.org\/wp-content\/uploads\/2022\/01\/lupe_smartphopne.png\" alt=\"\" class=\"wp-image-472\" srcset=\"https:\/\/phonestudy.org\/wp-content\/uploads\/2022\/01\/lupe_smartphopne.png 267w, https:\/\/phonestudy.org\/wp-content\/uploads\/2022\/01\/lupe_smartphopne-12x12.png 12w\" sizes=\"auto, (max-width: 267px) 100vw, 267px\" \/><\/figure>\n<\/div>\n<\/div>\n<\/div><\/div>\n\n\n\n<div class=\"wp-block-group alignfull has-background\" style=\"background-color:#f8f4e4\"><div class=\"wp-block-group__inner-container is-layout-flow wp-block-group-is-layout-flow\">\n<div style=\"height:50px\" aria-hidden=\"true\" class=\"wp-block-spacer\"><\/div>\n\n\n\n<div class=\"wp-block-columns alignwide is-layout-flex wp-container-core-columns-is-layout-9d6595d7 wp-block-columns-is-layout-flex\">\n<div class=\"wp-block-column is-layout-flow wp-block-column-is-layout-flow\">\n<h6 class=\"has-text-color wp-block-heading\" id=\"die-app\" style=\"color:#000000\">The app<\/h6>\n\n\n\n<p class=\"has-text-color has-large-font-size\" style=\"color:#000000;line-height:1.1\"><strong><meta charset=\"utf-8\"><em>The heart of the study<\/em><\/strong><\/p>\n\n\n\n<div style=\"height:5px\" aria-hidden=\"true\" class=\"wp-block-spacer\"><\/div>\n<\/div>\n<\/div>\n\n\n\n<div class=\"wp-block-columns alignwide are-vertically-aligned-center is-layout-flex wp-container-core-columns-is-layout-9d6595d7 wp-block-columns-is-layout-flex\">\n<div class=\"wp-block-column is-vertically-aligned-center is-layout-flow wp-block-column-is-layout-flow\" style=\"flex-basis:66.66%\">\n<p class=\"has-medium-font-size\">The heart of our project is the <strong>PhoneStudy App<\/strong>, which is constantly being developed by our interdisciplinary team.<\/p>\n\n\n\n<p class=\"has-medium-font-size\">We provide this Android-based app to our test persons for the duration of time-limited studies in order to collect objective data on smartphone use and to use these data to answer current research questions.<\/p>\n<\/div>\n\n\n\n<div class=\"wp-block-column is-vertically-aligned-center is-layout-flow wp-block-column-is-layout-flow\" style=\"flex-basis:33.33%\">\n<figure class=\"wp-block-image size-full\"><img loading=\"lazy\" decoding=\"async\" width=\"312\" height=\"282\" src=\"http:\/\/phonestudy.org\/wp-content\/uploads\/2022\/01\/image.png\" alt=\"\" class=\"wp-image-410\" srcset=\"https:\/\/phonestudy.org\/wp-content\/uploads\/2022\/01\/image.png 312w, https:\/\/phonestudy.org\/wp-content\/uploads\/2022\/01\/image-300x271.png 300w, https:\/\/phonestudy.org\/wp-content\/uploads\/2022\/01\/image-13x12.png 13w\" sizes=\"auto, (max-width: 312px) 100vw, 312px\" \/><\/figure>\n<\/div>\n<\/div>\n\n\n\n<p class=\"has-large-font-size\"><meta charset=\"utf-8\"><strong><meta charset=\"utf-8\"><\/strong><\/p>\n<\/div><\/div>\n\n\n\n<div class=\"wp-block-group alignfull has-background\" style=\"background-color:#f8f4e4\"><div class=\"wp-block-group__inner-container is-layout-flow wp-block-group-is-layout-flow\">\n<div style=\"height:50px\" aria-hidden=\"true\" class=\"wp-block-spacer\"><\/div>\n\n\n\n<div class=\"wp-block-columns alignwide is-layout-flex wp-container-core-columns-is-layout-9d6595d7 wp-block-columns-is-layout-flex\">\n<div class=\"wp-block-column is-layout-flow wp-block-column-is-layout-flow\">\n<p><strong>Our contribution<\/strong><\/p>\n\n\n\n<p class=\"has-large-font-size\"><strong><strong><strong><em>Why this project makes an important contribution<\/em><\/strong><\/strong><\/strong><\/p>\n\n\n\n<div style=\"height:5px\" aria-hidden=\"true\" class=\"wp-block-spacer\"><\/div>\n<\/div>\n<\/div>\n\n\n\n<div class=\"wp-block-columns alignwide are-vertically-aligned-center is-layout-flex wp-container-core-columns-is-layout-9d6595d7 wp-block-columns-is-layout-flex\">\n<div class=\"wp-block-column is-vertically-aligned-center is-layout-flow wp-block-column-is-layout-flow\">\n<figure class=\"wp-block-image size-large\"><img loading=\"lazy\" decoding=\"async\" width=\"1024\" height=\"949\" src=\"https:\/\/phonestudy.org\/wp-content\/uploads\/2022\/01\/cloud-1024x949.png\" alt=\"\" class=\"wp-image-474\" srcset=\"https:\/\/phonestudy.org\/wp-content\/uploads\/2022\/01\/cloud-1024x949.png 1024w, https:\/\/phonestudy.org\/wp-content\/uploads\/2022\/01\/cloud-300x278.png 300w, https:\/\/phonestudy.org\/wp-content\/uploads\/2022\/01\/cloud-768x712.png 768w, https:\/\/phonestudy.org\/wp-content\/uploads\/2022\/01\/cloud-1536x1424.png 1536w, https:\/\/phonestudy.org\/wp-content\/uploads\/2022\/01\/cloud-13x12.png 13w, https:\/\/phonestudy.org\/wp-content\/uploads\/2022\/01\/cloud.png 1602w\" sizes=\"auto, (max-width: 1024px) 100vw, 1024px\" \/><\/figure>\n<\/div>\n\n\n\n<div class=\"wp-block-column is-vertically-aligned-center is-layout-flow wp-block-column-is-layout-flow\">\n<p class=\"has-medium-font-size\">After the media outcry triggered by companies like Cambridge Analytica or the manipulation of people based on their automatically generated personality profiles (e.g. through Facebook data), <strong>we are committed to objective, transparent and public research.<\/strong><\/p>\n<\/div>\n<\/div>\n\n\n\n<div class=\"wp-block-columns alignwide are-vertically-aligned-center is-layout-flex wp-container-core-columns-is-layout-9d6595d7 wp-block-columns-is-layout-flex\">\n<div class=\"wp-block-column is-vertically-aligned-center is-layout-flow wp-block-column-is-layout-flow\">\n<p class=\"has-medium-font-size\">In our view, the use of novel types of data and research based on them, such as on personality, should be explored <strong>transparently and without commercial interests<\/strong> .<\/p>\n\n\n\n<p class=\"has-medium-font-size\">Novel technologies are certainly associated with risks, which can become dangers for those involved, especially when coupled with commercial interests. Possible negative effects range from targeted advertising strategies to active manipulation of future behavior through microtargeting. Even if some of these possibilities have so far presumably been used primarily as a marketing strategy without proof of effect, there is nevertheless a need for research into such technologies by independent scientists.<\/p>\n\n\n\n<p class=\"has-medium-font-size\">This is the role that we, the PhoneStudy project team, take on and thus make our contribution to more scientific transparency in the work with novel user data.<\/p>\n<\/div>\n<\/div>\n<\/div><\/div>","protected":false},"excerpt":{"rendered":"<p>Das Projekt Das Phonestudy Projekt. Mit Freunden kommunizieren, online shoppen und Musik h\u00f6ren &#8211; das Smartphone hat sich zum pers\u00f6nlichen Begleiter in unserem Alltag entwickelt. Bei jeder Nutzung produzieren wir Daten, die Auskunft \u00fcber uns geben. Diese Daten sind f\u00fcr die Wissenschaft sehr wertvoll, da sie allt\u00e4gliches Verhalten und Erleben objektiv widerspiegeln. Somit erm\u00f6glichen Smartphones&hellip;&nbsp;<\/p>","protected":false},"author":2,"featured_media":0,"parent":2,"menu_order":1,"comment_status":"closed","ping_status":"closed","template":"","meta":{"neve_meta_sidebar":"default","neve_meta_container":"default","neve_meta_enable_content_width":"off","neve_meta_content_width":70,"neve_meta_title_alignment":"","neve_meta_author_avatar":"","neve_post_elements_order":"","neve_meta_disable_header":"","neve_meta_disable_footer":"","neve_meta_disable_title":"on","footnotes":""},"class_list":["post-76","page","type-page","status-publish","hentry"],"_links":{"self":[{"href":"https:\/\/phonestudy.org\/en\/wp-json\/wp\/v2\/pages\/76","targetHints":{"allow":["GET"]}}],"collection":[{"href":"https:\/\/phonestudy.org\/en\/wp-json\/wp\/v2\/pages"}],"about":[{"href":"https:\/\/phonestudy.org\/en\/wp-json\/wp\/v2\/types\/page"}],"author":[{"embeddable":true,"href":"https:\/\/phonestudy.org\/en\/wp-json\/wp\/v2\/users\/2"}],"replies":[{"embeddable":true,"href":"https:\/\/phonestudy.org\/en\/wp-json\/wp\/v2\/comments?post=76"}],"version-history":[{"count":37,"href":"https:\/\/phonestudy.org\/en\/wp-json\/wp\/v2\/pages\/76\/revisions"}],"predecessor-version":[{"id":536,"href":"https:\/\/phonestudy.org\/en\/wp-json\/wp\/v2\/pages\/76\/revisions\/536"}],"up":[{"embeddable":true,"href":"https:\/\/phonestudy.org\/en\/wp-json\/wp\/v2\/pages\/2"}],"wp:attachment":[{"href":"https:\/\/phonestudy.org\/en\/wp-json\/wp\/v2\/media?parent=76"}],"curies":[{"name":"wp","href":"https:\/\/api.w.org\/{rel}","templated":true}]}}