{"id":68,"date":"2021-11-16T10:18:29","date_gmt":"2021-11-16T10:18:29","guid":{"rendered":"http:\/\/phonestudy.org\/?page_id=68"},"modified":"2022-01-31T09:31:27","modified_gmt":"2022-01-31T09:31:27","slug":"app","status":"publish","type":"page","link":"https:\/\/phonestudy.org\/en\/sample-page\/app","title":{"rendered":"The app"},"content":{"rendered":"<div class=\"wp-block-group alignfull has-background\" style=\"background-color:#f8f4e4\"><div class=\"wp-block-group__inner-container is-layout-flow wp-block-group-is-layout-flow\">\n<div class=\"wp-block-columns alignwide is-layout-flex wp-container-core-columns-is-layout-9d6595d7 wp-block-columns-is-layout-flex\">\n<div class=\"wp-block-column is-layout-flow wp-block-column-is-layout-flow\">\n<div style=\"height:100px\" aria-hidden=\"true\" class=\"wp-block-spacer\"><\/div>\n\n\n\n<h6 class=\"has-text-color wp-block-heading\" id=\"funktionsumfang-der-app\" style=\"color:#000000\">APP FEATURE SET.<\/h6>\n\n\n\n<p class=\"has-text-color\" style=\"color:#000000;font-size:5vw;line-height:1.1\"><strong>What makes our app special.<\/strong><\/p>\n\n\n\n<div style=\"height:5px\" aria-hidden=\"true\" class=\"wp-block-spacer\"><\/div>\n\n\n\n<p class=\"has-medium-font-size\"><meta charset=\"utf-8\"><strong>Smartphones provide a detailed insight into the everyday experience and behavior of users.<\/strong><\/p>\n\n\n\n<p class=\"has-medium-font-size\">Our PhoneStudy app is a tool for recording crowdsourced digital footprints on your smartphone every day. In doing so, our focus is on data protection.<\/p>\n<\/div>\n<\/div>\n\n\n\n<div class=\"wp-block-columns is-layout-flex wp-container-core-columns-is-layout-9d6595d7 wp-block-columns-is-layout-flex\"><\/div>\n\n\n\n<div class=\"wp-block-group alignfull has-background\" style=\"background-color:#f8f4e4\"><div class=\"wp-block-group__inner-container is-layout-flow wp-block-group-is-layout-flow\">\n<div class=\"wp-block-columns alignwide is-layout-flex wp-container-core-columns-is-layout-9d6595d7 wp-block-columns-is-layout-flex\"><\/div>\n\n\n\n<div class=\"wp-block-columns alignwide is-layout-flex wp-container-core-columns-is-layout-9d6595d7 wp-block-columns-is-layout-flex\">\n<div class=\"wp-block-column is-layout-flow wp-block-column-is-layout-flow\" style=\"flex-basis:10%\">\n<div style=\"height:93px\" aria-hidden=\"true\" class=\"wp-block-spacer\"><\/div>\n<\/div>\n\n\n\n<div class=\"wp-block-column is-layout-flow wp-block-column-is-layout-flow\" style=\"flex-basis:43%\">\n<p class=\"has-medium-font-size\"><strong>Mobile Sensing<\/strong><\/p>\n\n\n\n<p class=\"has-normal-font-size\">While you use your smartphone in everyday life, the PhoneStudy app records in the background what you do with your smartphone and in which situation you are. For example, it records how long or how often you talk on the phone, what music you listen to, what apps you use and for how long, what activity you engage in (e.g. driving or cycling) and what your location history looks like. <\/p>\n\n\n\n<p>Information from notifications, contact and calendar entries, connectivity and other sources is also processed. In research, this is also referred to as the \"mobile sensing\" method.<\/p>\n<\/div>\n\n\n\n<div class=\"wp-block-column is-layout-flow wp-block-column-is-layout-flow\"><\/div>\n\n\n\n<div class=\"wp-block-column is-layout-flow wp-block-column-is-layout-flow\" style=\"flex-basis:43.14%\">\n<figure class=\"wp-block-image size-full\"><img loading=\"lazy\" decoding=\"async\" width=\"267\" height=\"261\" src=\"https:\/\/phonestudy.org\/wp-content\/uploads\/2022\/01\/lupe_smartphopne-1.png\" alt=\"\" class=\"wp-image-483\" srcset=\"https:\/\/phonestudy.org\/wp-content\/uploads\/2022\/01\/lupe_smartphopne-1.png 267w, https:\/\/phonestudy.org\/wp-content\/uploads\/2022\/01\/lupe_smartphopne-1-12x12.png 12w\" sizes=\"auto, (max-width: 267px) 100vw, 267px\" \/><\/figure>\n\n\n\n<p><\/p>\n\n\n\n<p><\/p>\n\n\n\n<p class=\"has-medium-font-size\"><\/p>\n<\/div>\n<\/div>\n\n\n\n<div class=\"wp-block-columns alignwide is-layout-flex wp-container-core-columns-is-layout-9d6595d7 wp-block-columns-is-layout-flex\">\n<div class=\"wp-block-column is-layout-flow wp-block-column-is-layout-flow\" style=\"flex-basis:10%\">\n<div style=\"height:93px\" aria-hidden=\"true\" class=\"wp-block-spacer\"><\/div>\n<\/div>\n\n\n\n<div class=\"wp-block-column is-layout-flow wp-block-column-is-layout-flow\" style=\"flex-basis:43.14%\">\n<div style=\"height:57px\" aria-hidden=\"true\" class=\"wp-block-spacer\"><\/div>\n\n\n\n<figure class=\"wp-block-image size-full\"><img loading=\"lazy\" decoding=\"async\" width=\"245\" height=\"230\" src=\"http:\/\/phonestudy.org\/wp-content\/uploads\/2022\/01\/gdpr2.png\" alt=\"\" class=\"wp-image-484\" srcset=\"https:\/\/phonestudy.org\/wp-content\/uploads\/2022\/01\/gdpr2.png 245w, https:\/\/phonestudy.org\/wp-content\/uploads\/2022\/01\/gdpr2-13x12.png 13w\" sizes=\"auto, (max-width: 245px) 100vw, 245px\" \/><\/figure>\n<\/div>\n\n\n\n<div class=\"wp-block-column is-layout-flow wp-block-column-is-layout-flow\"><\/div>\n\n\n\n<div class=\"wp-block-column is-layout-flow wp-block-column-is-layout-flow\" style=\"flex-basis:43%\">\n<p class=\"has-medium-font-size\"><strong><strong>The protection of your data is very important to us!<\/strong><\/strong><em><meta charset=\"utf-8\"><\/em><\/p>\n\n\n\n<p>For this reason, we take numerous precautions to protect the data collected in studies. Our data protection concept has been coordinated with the relevant data protection officers and the responsible ethics committee.<\/p>\n\n\n\n<p>For example, your contact data (e.g., name, email address) will never be merged with smartphone and questionnaire data collected during the study. Smartphone and questionnaire data are each stored under an anonymous character code and are only merged for selected analyses. Only a limited, appropriately qualified group of people has access to the data in order to use it to analyze scientific questions.<\/p>\n<\/div>\n<\/div>\n\n\n\n<div class=\"wp-block-columns alignwide is-layout-flex wp-container-core-columns-is-layout-9d6595d7 wp-block-columns-is-layout-flex\">\n<div class=\"wp-block-column is-layout-flow wp-block-column-is-layout-flow\" style=\"flex-basis:10%\">\n<div style=\"height:93px\" aria-hidden=\"true\" class=\"wp-block-spacer\"><\/div>\n<\/div>\n\n\n\n<div class=\"wp-block-column is-layout-flow wp-block-column-is-layout-flow\" style=\"flex-basis:43%\">\n<p class=\"has-medium-font-size\"><strong><strong>Encryption<\/strong><\/strong><\/p>\n\n\n\n<p>For more data security, we preprocess data on the smartphone in cases where it is possible for us to do so. For example, entered texts, names of contacts or phone numbers are not simply stored in their original form, but only certain information relevant to our scientific questions is extracted and stored.&nbsp;<\/p>\n\n\n\n<p>Names and phone numbers are encrypted using a so-called hashing algorithm. Hashing allows to check the collected data for equality without knowing the original data. For example, we store whether you make multiple calls to the same people. However, we do not collect the phone number or the name of these persons.&nbsp;<\/p>\n<\/div>\n\n\n\n<div class=\"wp-block-column is-layout-flow wp-block-column-is-layout-flow\"><\/div>\n\n\n\n<div class=\"wp-block-column is-layout-flow wp-block-column-is-layout-flow\" style=\"flex-basis:43.14%\">\n<div style=\"height:52px\" aria-hidden=\"true\" class=\"wp-block-spacer\"><\/div>\n\n\n\n<figure class=\"wp-block-image size-full\"><img loading=\"lazy\" decoding=\"async\" width=\"264\" height=\"193\" src=\"https:\/\/phonestudy.org\/wp-content\/uploads\/2022\/01\/key.png\" alt=\"\" class=\"wp-image-486\" srcset=\"https:\/\/phonestudy.org\/wp-content\/uploads\/2022\/01\/key.png 264w, https:\/\/phonestudy.org\/wp-content\/uploads\/2022\/01\/key-16x12.png 16w\" sizes=\"auto, (max-width: 264px) 100vw, 264px\" \/><\/figure>\n<\/div>\n<\/div>\n\n\n\n<div class=\"wp-block-columns alignwide is-layout-flex wp-container-core-columns-is-layout-9d6595d7 wp-block-columns-is-layout-flex\">\n<div class=\"wp-block-column is-layout-flow wp-block-column-is-layout-flow\" style=\"flex-basis:10%\">\n<div style=\"height:93px\" aria-hidden=\"true\" class=\"wp-block-spacer\"><\/div>\n<\/div>\n\n\n\n<div class=\"wp-block-column is-layout-flow wp-block-column-is-layout-flow\" style=\"flex-basis:43.14%\">\n<div style=\"height:78px\" aria-hidden=\"true\" class=\"wp-block-spacer\"><\/div>\n\n\n\n<figure class=\"wp-block-image size-full is-resized\"><img loading=\"lazy\" decoding=\"async\" src=\"https:\/\/phonestudy.org\/wp-content\/uploads\/2022\/01\/voice.png\" alt=\"\" class=\"wp-image-325\" width=\"266\" height=\"221\" srcset=\"https:\/\/phonestudy.org\/wp-content\/uploads\/2022\/01\/voice.png 354w, https:\/\/phonestudy.org\/wp-content\/uploads\/2022\/01\/voice-300x250.png 300w, https:\/\/phonestudy.org\/wp-content\/uploads\/2022\/01\/voice-14x12.png 14w\" sizes=\"auto, (max-width: 266px) 100vw, 266px\" \/><\/figure>\n<\/div>\n\n\n\n<div class=\"wp-block-column is-layout-flow wp-block-column-is-layout-flow\"><\/div>\n\n\n\n<div class=\"wp-block-column is-layout-flow wp-block-column-is-layout-flow\" style=\"flex-basis:43%\">\n<p class=\"has-medium-font-size\"><strong><meta charset=\"utf-8\"><strong><strong>Audio-Data<\/strong><\/strong><\/strong><\/p>\n\n\n\n<p class=\"has-normal-font-size\">In some of our studies, we ask you to answer short questions about your current mood and situation via direct \"speaking\" into your smartphone. In other studies, we are also interested in background noise (e.g. is a conversation taking place or not?). Here, your voice recordings are always stored only briefly, evaluated directly on the device, and then immediately deleted again. Thus, only voice parameters, such as your volume, pitch or certain frequency ranges are stored.&nbsp;<\/p>\n<\/div>\n<\/div>\n\n\n\n<div class=\"wp-block-columns alignwide is-layout-flex wp-container-core-columns-is-layout-9d6595d7 wp-block-columns-is-layout-flex\">\n<div class=\"wp-block-column is-layout-flow wp-block-column-is-layout-flow\" style=\"flex-basis:10%\">\n<div style=\"height:93px\" aria-hidden=\"true\" class=\"wp-block-spacer\"><\/div>\n<\/div>\n\n\n\n<div class=\"wp-block-column is-layout-flow wp-block-column-is-layout-flow\" style=\"flex-basis:43%\">\n<div style=\"height:1px\" aria-hidden=\"true\" class=\"wp-block-spacer\"><\/div>\n\n\n\n<p class=\"has-medium-font-size\"><strong><strong>Keyboard-Data<\/strong><\/strong><\/p>\n\n\n\n<p>In order to gain information about your language use, we take a look at your text input. Thus, your keyboard will be replaced by our research app keyboard during the study period. You won't notice any difference when composing texts and also have the option to temporarily disable the recording of your keyboard usage.<\/p>\n\n\n\n<p class=\"has-normal-font-size\">You don't have to worry - we don't read the original texts you write, because the app processes the data in real time as you write. So we only store which word categories (e.g. greeting phrase, emotion word) and emojis you use and count the frequency of your used words over the entire study period. So we cannot reconstruct your original texts at any time.<\/p>\n<\/div>\n\n\n\n<div class=\"wp-block-column is-layout-flow wp-block-column-is-layout-flow\"><\/div>\n\n\n\n<div class=\"wp-block-column is-layout-flow wp-block-column-is-layout-flow\" style=\"flex-basis:43.14%\">\n<div style=\"height:100px\" aria-hidden=\"true\" class=\"wp-block-spacer\"><\/div>\n\n\n\n<figure class=\"wp-block-image size-full is-resized\"><img loading=\"lazy\" decoding=\"async\" src=\"http:\/\/phonestudy.org\/wp-content\/uploads\/2022\/01\/dating.png\" alt=\"\" class=\"wp-image-337\" width=\"259\" height=\"228\" srcset=\"https:\/\/phonestudy.org\/wp-content\/uploads\/2022\/01\/dating.png 345w, https:\/\/phonestudy.org\/wp-content\/uploads\/2022\/01\/dating-300x264.png 300w, https:\/\/phonestudy.org\/wp-content\/uploads\/2022\/01\/dating-14x12.png 14w\" sizes=\"auto, (max-width: 259px) 100vw, 259px\" \/><\/figure>\n<\/div>\n<\/div>\n<\/div><\/div>\n<\/div><\/div>","protected":false},"excerpt":{"rendered":"<p>FUNKTIONSUMFANG DER APP. Was unsere App besonders macht. Smartphones erm\u00f6glichen einen detaillierten Einblick in das allt\u00e4gliche Erleben und Verhalten der Nutzer:innen. Unsere PhoneStudy App ist ein Werkzeug, um t\u00e4glich in Massen entstehende digitale Fu\u00dfspuren auf Ihrem Smartphone aufzuzeichnen. Dabei steht f\u00fcr uns der Datenschutz im Mittelpunkt. Mobile Sensing W\u00e4hrend Sie Ihr Smartphone im Alltag nutzen,&hellip;&nbsp;<\/p>","protected":false},"author":2,"featured_media":0,"parent":2,"menu_order":1,"comment_status":"closed","ping_status":"closed","template":"","meta":{"neve_meta_sidebar":"default","neve_meta_container":"default","neve_meta_enable_content_width":"off","neve_meta_content_width":70,"neve_meta_title_alignment":"","neve_meta_author_avatar":"","neve_post_elements_order":"","neve_meta_disable_header":"","neve_meta_disable_footer":"","neve_meta_disable_title":"on","footnotes":""},"class_list":["post-68","page","type-page","status-publish","hentry"],"_links":{"self":[{"href":"https:\/\/phonestudy.org\/en\/wp-json\/wp\/v2\/pages\/68","targetHints":{"allow":["GET"]}}],"collection":[{"href":"https:\/\/phonestudy.org\/en\/wp-json\/wp\/v2\/pages"}],"about":[{"href":"https:\/\/phonestudy.org\/en\/wp-json\/wp\/v2\/types\/page"}],"author":[{"embeddable":true,"href":"https:\/\/phonestudy.org\/en\/wp-json\/wp\/v2\/users\/2"}],"replies":[{"embeddable":true,"href":"https:\/\/phonestudy.org\/en\/wp-json\/wp\/v2\/comments?post=68"}],"version-history":[{"count":18,"href":"https:\/\/phonestudy.org\/en\/wp-json\/wp\/v2\/pages\/68\/revisions"}],"predecessor-version":[{"id":538,"href":"https:\/\/phonestudy.org\/en\/wp-json\/wp\/v2\/pages\/68\/revisions\/538"}],"up":[{"embeddable":true,"href":"https:\/\/phonestudy.org\/en\/wp-json\/wp\/v2\/pages\/2"}],"wp:attachment":[{"href":"https:\/\/phonestudy.org\/en\/wp-json\/wp\/v2\/media?parent=68"}],"curies":[{"name":"wp","href":"https:\/\/api.w.org\/{rel}","templated":true}]}}