{"id":599,"date":"2022-03-30T10:49:28","date_gmt":"2022-03-30T10:49:28","guid":{"rendered":"https:\/\/phonestudy.org\/?page_id=599"},"modified":"2023-04-13T13:34:41","modified_gmt":"2023-04-13T13:34:41","slug":"haeufige-fragen","status":"publish","type":"page","link":"https:\/\/phonestudy.org\/en\/dips\/haeufige-fragen","title":{"rendered":"H\u00e4ufige Fragen zur PhoneStudy App oder der Studienteilnahme"},"content":{"rendered":"<figure class=\"wp-block-table\"><table><tbody><tr><td><strong>Wie hei\u00dft die App?<\/strong><\/td><td>Unsere Forschungs-App hei\u00dft \u201cPhoneStudy\u201d und ist am dunkelgr\u00fcnen \u201cLMU\u201d-Logo zu erkennen.<\/td><\/tr><tr><td><strong>Wie lange geht die Studie?<\/strong><\/td><td>Die Studie beginnt am Tag nach der Installation (Tag 1) und wird nach 14 Tagen beendet, indem Sie die App deinstallieren (also an Tag 15). \u00dcber den Start-Bildschirm der PhoneStudy-App k\u00f6nnen Sie nachverfolgen, wie lange Sie schon teilnehmen.<\/td><\/tr><tr><td><strong>Brauche ich zur Teilnahme eine Internetverbindung auf meinem Smartphone?<\/strong><\/td><td>Sie ben\u00f6tigen zum Download der App und beim Abschluss der Studie eine Internetverbindung. Wir bitten Sie, eine WLAN-Internetverbindung herzustellen, bevor Sie die App am letzten Tag deinstallieren. W\u00e4hrend der 14 Tage der Studienteilnahme ben\u00f6tigen Sie jedoch keine durchg\u00e4ngige Verbindung zum Internet.<\/td><\/tr><tr><td><strong>Wie soll ich mich w\u00e4hrend der Studie verhalten?<\/strong><\/td><td>Bitte gestalten Sie Ihren Alltag ganz so, wie Sie es auch sonst tun w\u00fcrden. Unsere einzige Bitte w\u00e4re, dass Sie Ihr Smartphone m\u00f6glichst oft bei sich tragen und m\u00f6glichst viele unserer kurzen Frageb\u00f6gen beantworten (siehe n\u00e4chste Frage).<\/td><\/tr><tr><td><strong>Wie viele Frageb\u00f6gen soll ich beantworten?<\/strong><\/td><td>In der App ist jeden Abend ein kurzer Fragebogen verf\u00fcgbar, in dem Sie Ihre sozialen Kontakte und Ihr Befinden des Tages beschreiben (in 1-2 Minuten beantwortbar). Diese Frageb\u00f6gen starten am Tag nach der Installation (Tag 1-14).&nbsp;<br>Au\u00dferdem erscheinen nach jedem Anruf \u00fcber Ihr Smartphone zwei kurze Fragen \u00fcber dieses Gespr\u00e4ch.<\/td><\/tr><tr><td><strong>Wann soll ich die abendlichen Frageb\u00f6gen beantworten?<\/strong><\/td><td>Bitte beantworten Sie die Frageb\u00f6gen immer kurz vor dem Schlafengehen, indem Sie in der App auf \u201c<em>Fragebogen anzeigen<\/em>\u201d tippen. Die Frageb\u00f6gen sind von 20:00 Uhr bis 4:00 Uhr in der App verf\u00fcgbar. Innerhalb dieses Zeitraums k\u00f6nnen Sie den Zeitpunkt zur Beantwortung also selbst w\u00e4hlen.<br>Wir erinnern Sie durch eine oder zwei Benachrichtigung\/en am Abend an den Fragebogen. Beantworten Sie den Fragebogen aber bitte, wenn m\u00f6glich, immer kurz vor dem Schlafengehen.<\/td><\/tr><tr><td><strong>Wie sind die Fragen zur Stimmung zu beantworten?<\/strong><\/td><td>Die Fragen zur Stimmung haben jeweils zwei Endpunkte, also z.B. \u201cunzufrieden\u201d und \u201czufrieden\u201d. Wenn Sie den Tag \u00fcber sehr unzufrieden waren, w\u00e4hlen Sie bitte \u201c-3\u201d und wenn Sie sehr zufrieden waren \u201c3\u201d. Mit den Werten dazwischen k\u00f6nnen Sie Ihre Antwort abstufen.<\/td><\/tr><tr><td><strong>Was verstehen wir unter pers\u00f6nlichem Kontakt?<\/strong><\/td><td>Unter pers\u00f6nlichem Kontakt verstehen wir gemeinsame Aktivit\u00e4ten, bei denen Sie mit anderen Personen am gleichen Ort sind und mit ihnen interagieren, also z.B. Unterhaltungen, Treffen, Spiele\/Sport, oder gemeinsames Fernsehgucken. Videoanrufe und Telefonieren fallen also nicht unter pers\u00f6nlichen Kontakt. Wenn Sie sich mit Fremden zusammen an einem Ort, z.B. in der Bahn, befinden, aber nicht mit ihnen interagieren, z\u00e4hlt das f\u00fcr uns auch nicht als pers\u00f6nlicher Kontakt.&nbsp;<\/td><\/tr><tr><td><strong>Wie soll ich die Fragen zum Kontakt beantworten, wenn ich keine Kinder oder Kollegen habe?&nbsp;<\/strong><\/td><td>Wenn Sie keine Kinder haben, w\u00e4hlen Sie bitte \u201c<em>Hatte keinen Kontakt mit meinen Kindern<\/em>\u201d bei der Frage nach Kontakt mit Kindern. Wenn Sie keine Kollegen haben (oder an einem Tag keinen Kontakt mit Ihren Kollegen hatten), w\u00e4hlen Sie \u201c<em>Hatte keinen Kontakt mit Kollegen<\/em>\u201d bei der entsprechenden Frage.<\/td><\/tr><tr><td><strong>Kann ich auch mit Schicht- oder Nachtarbeit an der Studie teilnehmen?<\/strong><\/td><td>Ja, eine Teilnahme ist in diesem Fall auch m\u00f6glich. Bitte versuchen Sie, so gut es geht, unsere t\u00e4glichen Kurzfrageb\u00f6gen zu beantworten. Die Frageb\u00f6gen sind jeweils von 20:00 Uhr bis 4:00 Uhr in der App verf\u00fcgbar und beziehen sich auf die letzten 24 Stunden.&nbsp;<\/td><\/tr><tr><td><strong>Ich schreibe oder telefoniere auf meinem Smartphone viel auf einer anderen Sprache als Deutsch. Ist eine Teilnahme dann auch m\u00f6glich?<\/strong><\/td><td>Ja, Sie k\u00f6nnen gerne teilnehmen.<\/td><\/tr><tr><td><strong>Warum erfolgt die Installation nicht \u00fcber den PlayStore?<\/strong><\/td><td>Wir wollen nicht, dass jede Person die App herunterladen kann, sondern nur die Personen, die wir zur Studie einladen.<\/td><\/tr><\/tbody><\/table><\/figure>\n\n\n\n<p id=\"download\"><strong>Fragen zu Download und Installation<\/strong><\/p>\n\n\n\n<figure class=\"wp-block-table\"><table><tbody><tr><td><strong>Warum wird der Download nicht abgeschlossen?<\/strong><\/td><td>Stellen Sie als erstes bitte sicher, dass eine stabile Internetverbindung besteht (WLAN oder mobile Daten). Als n\u00e4chstes k\u00f6nnen Sie \u00fcberpr\u00fcfen, ob gen\u00fcgend Speicherplatz auf Ihrem Ger\u00e4t vorhanden ist. Sie k\u00f6nnen ungenutzte Apps deinstallieren, die Cookies im Browser l\u00f6schen oder andere Dateien entfernen, die Sie nicht mehr brauchen, um Speicherplatz freizugeben.<\/td><\/tr><tr><td><strong>Wo finde ich die App nach dem Download?<\/strong><\/td><td>Unsere Forschungs-App hei\u00dft \u201cPhoneStudy\u201d und ist am dunkelgr\u00fcnen \u201cLMU\u201d-Logo zu erkennen. Nach dem Download werden Sie in der Regel direkt zum Installieren aufgefordert. Wenn dies nicht der Fall ist, k\u00f6nnen Sie die App nach dem Download im Download-Ordner finden und durch Tippen auf die \u201c<em>dips3.apk\u201d<\/em> &#8211; Datei installieren. Wo sich der Download-Ordner befindet, variiert von Ger\u00e4t zu Ger\u00e4t, aber meistens finden Sie die Datei unter \u201cEigene Dateien\u201d \u2192 \u201cDownloads\u201d oder \u00fcber den Download-Tab Ihres Browsers (z.B. Chrome oder Firefox).<br><br>Google Pixel:<br><img loading=\"lazy\" decoding=\"async\" width=\"188\" height=\"408\" src=\"https:\/\/lh4.googleusercontent.com\/tiiWZ7GQvWWet6-_4we2VEai3OctsY_DUsZoo6eNncbkqWln0mnvVqse3RH_B9a2hvfETdtgkjlTI9_PT9ZqCGF_vtTM8vbZQ-FbI3LVI9RFZozDUqzs15LCjGC_zbm3ODf0fHTw3NqT3bknJQ\"><img loading=\"lazy\" decoding=\"async\" width=\"188\" height=\"408\" src=\"https:\/\/lh5.googleusercontent.com\/4X0f8ZbtM2l12O35FLsuw2VZigyXwoD1yPJReiEP-l7fAmo0hPtRhH_ImQAY4qKSDKSt3V_huTWGHUPD9RFN8ibyCUMv334WvSzFu-jbnhuqrZRxurg8ahtBxwyk6j8HImiSal4-L9dUJNU38g\"><br><br>Samsung:<br><img loading=\"lazy\" decoding=\"async\" width=\"187\" height=\"385\" src=\"https:\/\/lh6.googleusercontent.com\/OAPOFZ75v7gnGA2Ecs2yLaIED9mV1LWVRjq7ce-4yyZP-3HD0IphrfydmEtmnRSWsoXxaMkBHWq1q06qzD439jGANJhkRKrbPDcRvsYqcXMZZ26jmJ09pB4h-6eEwwxFBMyWD0d9h8mc47ujow\"><img loading=\"lazy\" decoding=\"async\" width=\"187\" height=\"385\" src=\"https:\/\/lh6.googleusercontent.com\/7c--U82t9cCUNJmpYkhpXgbCrRzjpV6xFrqDgKhIXVYboN87o7GupqZuN0jm2rvs_Hyxom5U0c6KUZYSyflfiuoUJnCeS0kpyUbjhJ3CC2c-t5LAfyRfUqUnU9bt-QksKzCum8Ng6DDWLZ_zGA\"><\/td><\/tr><tr><td><strong>Warum l\u00e4sst sich die App nicht installieren?<\/strong><\/td><td>Wenn Ihr Smartphone die Installation unserer Forschungs-App blockiert, liegt das in den meisten F\u00e4llen daran, dass die Installation von Apps aus externen Quellen nicht erlaubt ist. Um die Installation von Apps aus externen Quellen zu erlauben, suchen Sie bitte in den \u201cEinstellungen\u201d nach &#8222;Sicherheit&#8220; oder &#8222;Biometrische Daten und Sicherheit&#8220; \u2192&nbsp; &#8222;Unbekannte Apps installieren&#8220;. Je nach Ger\u00e4t erteilen Sie die Zulassung pauschal oder f\u00fcr den Browser (z.B. Chrome oder Firefox), mit dem Sie die App herunterladen wollen. Nach der Studienteilnahme empfehlen wir, diese Erlaubnis zur Installation aus unbekannten Quellen wieder zur\u00fcckzusetzen (also zu deaktivieren).&nbsp;Wenn Sie diese Option nicht direkt finden, k\u00f6nnen Sie auch die \u201cEinstellungen\u201d durchsuchen: Scrollen Sie bei \u201cEinstellungen\u201d nach oben, tippen auf das Lupen-Symbol und geben dann \u201cUnbekannte\u201d oder \u201cExterne\u201d als Stichwort ein.<\/td><\/tr><\/tbody><\/table><\/figure>\n\n\n\n<p><strong>Contact <\/strong><\/p>\n\n\n\n<p>Kontaktieren Sie uns in jedem Fall, falls Sie Fragen zur Installation oder zur Studie haben:<\/p>\n\n\n\n<p>Tel. 0800\/66 77 876&nbsp; (kostenfrei)<br>Email <a rel=\"noreferrer noopener\" href=\"mailto:LiD@infas.de\" target=\"_blank\">LiD@infas.de<\/a><\/p>\n\n\n\n<p class=\"has-nv-dark-bg-color has-text-color\"><strong>\u00dcbersicht&nbsp;<\/strong><\/p>\n\n\n\n<ul class=\"wp-block-list\">\n<li><a href=\"https:\/\/phonestudy.org\/en\/dips\/\">Startseite<\/a><\/li>\n\n\n\n<li><a href=\"https:\/\/phonestudy.org\/en\/dips\/informationen-zur-studie\/\">Informationen zur Studie<\/a><\/li>\n\n\n\n<li><a href=\"https:\/\/phonestudy.org\/en\/dips\/anleitung\/\">Anleitung zur Installation<\/a><\/li>\n<\/ul>","protected":false},"excerpt":{"rendered":"<p>Wie hei\u00dft die App? Unsere Forschungs-App hei\u00dft \u201cPhoneStudy\u201d und ist am dunkelgr\u00fcnen \u201cLMU\u201d-Logo zu erkennen. Wie lange geht die Studie? Die Studie beginnt am Tag nach der Installation (Tag 1) und wird nach 14 Tagen beendet, indem Sie die App deinstallieren (also an Tag 15). \u00dcber den Start-Bildschirm der PhoneStudy-App k\u00f6nnen Sie nachverfolgen, wie lange&hellip;&nbsp;<\/p>","protected":false},"author":2,"featured_media":0,"parent":582,"menu_order":4,"comment_status":"closed","ping_status":"closed","template":"","meta":{"neve_meta_sidebar":"","neve_meta_container":"","neve_meta_enable_content_width":"","neve_meta_content_width":0,"neve_meta_title_alignment":"","neve_meta_author_avatar":"","neve_post_elements_order":"","neve_meta_disable_header":"on","neve_meta_disable_footer":"","neve_meta_disable_title":"","footnotes":""},"class_list":["post-599","page","type-page","status-publish","hentry"],"_links":{"self":[{"href":"https:\/\/phonestudy.org\/en\/wp-json\/wp\/v2\/pages\/599","targetHints":{"allow":["GET"]}}],"collection":[{"href":"https:\/\/phonestudy.org\/en\/wp-json\/wp\/v2\/pages"}],"about":[{"href":"https:\/\/phonestudy.org\/en\/wp-json\/wp\/v2\/types\/page"}],"author":[{"embeddable":true,"href":"https:\/\/phonestudy.org\/en\/wp-json\/wp\/v2\/users\/2"}],"replies":[{"embeddable":true,"href":"https:\/\/phonestudy.org\/en\/wp-json\/wp\/v2\/comments?post=599"}],"version-history":[{"count":8,"href":"https:\/\/phonestudy.org\/en\/wp-json\/wp\/v2\/pages\/599\/revisions"}],"predecessor-version":[{"id":1324,"href":"https:\/\/phonestudy.org\/en\/wp-json\/wp\/v2\/pages\/599\/revisions\/1324"}],"up":[{"embeddable":true,"href":"https:\/\/phonestudy.org\/en\/wp-json\/wp\/v2\/pages\/582"}],"wp:attachment":[{"href":"https:\/\/phonestudy.org\/en\/wp-json\/wp\/v2\/media?parent=599"}],"curies":[{"name":"wp","href":"https:\/\/api.w.org\/{rel}","templated":true}]}}