{"id":597,"date":"2022-03-30T10:48:56","date_gmt":"2022-03-30T10:48:56","guid":{"rendered":"https:\/\/phonestudy.org\/?page_id=597"},"modified":"2022-10-25T07:11:45","modified_gmt":"2022-10-25T07:11:45","slug":"informationen-zur-studie","status":"publish","type":"page","link":"https:\/\/phonestudy.org\/en\/dips\/informationen-zur-studie","title":{"rendered":"Informationen zur Studie"},"content":{"rendered":"<p><strong>Worum geht es?&nbsp;<\/strong><\/p>\n\n\n\n<p>In unserer Studie \u201cSoziale Beziehungen im Alltag\u201d untersuchen wir anhand der Nutzung von Smartphones, wie sich Menschen in ihren sozialen Kontakten und Beziehungen unterscheiden. Wir interessieren uns auch daf\u00fcr, wie diese Unterschiede mit Pers\u00f6nlichkeitseigenschaften sowie dem Lebenskontext zusammenh\u00e4ngen. Erkenntnisse auf diesem Gebiet sind wichtig, um soziale Beziehungen, welche zentraler Bestandteil von Gesellschaften sind, besser zu verstehen. Die Studienergebnisse sollen beispielsweise dazu beitragen, gesellschaftliche Gruppen mit erh\u00f6htem Risiko f\u00fcr soziale Isolation zu identifizieren. Die Studie ist eine rein wissenschaftliche Studie ohne kommerzielle Interessen oder kommerzielle Projektpartner.<\/p>\n\n\n\n<p><strong>Ablauf der Studie<\/strong><\/p>\n\n\n\n<p>Die Studie beginnt nach der Installation mit der Datenerhebung auf Ihrem Smartphone. Dabei misst die App pseudonymisiert einige Angaben \u00fcber die sozialen Kontakte, die Sie \u00fcber das Smartphone pflegen, ohne zus\u00e4tzlichen Aufwand f\u00fcr Sie. Nebenbei erhalten Sie jeden Abend \u00fcber die App einige wenige Fragen zu Ihrem Befinden und den Kontakten des Tages, und nach einem Anruf zwei kurze Fragen. Nach 14 Tagen endet die Studienteilnahme und wir bitten Sie, die App wieder zu deinstallieren.<\/p>\n\n\n\n<p><strong>Erhobene Daten<\/strong><\/p>\n\n\n\n<p>\u00dcber zwei Wochen werden verschiedene Merkmale Ihrer Smartphone-Nutzung aufgezeichnet. Diese Daten umfassen:&nbsp;<\/p>\n\n\n\n<ul class=\"wp-block-list\"><li>technische Daten zu Ihrem Smartphone (z.B. Handytyp)<\/li><li>Daten \u00fcber den aktuellen Smartphone-Status (z.B. Batteriezustand)<\/li><li>Daten der Beschleunigungs- und Lagesensoren (z.B. Bewegungsrichtung, Umgebungshelligkeit)&nbsp;<\/li><li>Nutzung anderer Apps (z.B. Wetter)<\/li><li>Nutzung der Kommunikationsfunktionen (z.B. Anzahl und Dauer von Anrufen)<\/li><li>Verwendung von W\u00f6rterkategorien (z.B. \u201eGru\u00dfformel\u201c oder \u201enegative Emotion\u201c) und Emojis<\/li><li>Aufenthalte in Umgebungen, in denen gesprochen wird; <strong>nicht<\/strong> der Inhalt des Gesprochenen<\/li><\/ul>\n\n\n\n<p>Wir haben sehr umfangreiche Ma\u00dfnahmen getroffen, um Ihre Daten zu sch\u00fctzen. Detaillierte Informationen, welche Datentypen genau erhoben und verarbeitet werden, finden Sie in der Datenschutzerkl\u00e4rung. <strong>Wichtig ist, dass dabei keine Telefonnummern, Namen, Gespr\u00e4chsinhalte oder \u00e4hnliche private Daten aufgezeichnet werden. <\/strong>Die Datenschutzerkl\u00e4rung steht unter <a href=\"https:\/\/phonestudy.org\/en\/dips\/\">https:\/\/phonestudy.org\/dips<\/a> f\u00fcr Sie zum Download bereit und ist auch in der App unter <em>Datenschutz<\/em> verf\u00fcgbar.<\/p>\n\n\n\n<p><strong>Freiwilligkeit, Anonymit\u00e4t &amp; Datenschutz<\/strong><\/p>\n\n\n\n<p>Die Teilnahme an dieser Studie ist<strong> freiwillig.<\/strong> Sie k\u00f6nnen jederzeit und ohne Angabe von Gr\u00fcnden die Teilnahme an der Studie beenden, ohne dass Ihnen daraus Nachteile entstehen. Wenn Sie die Studie vorzeitig durch Deinstallation der App abbrechen, haben Sie keinen Anspruch auf die Aufwandsentsch\u00e4digung.&nbsp;<br>Die gesetzlichen Vorschriften zur Schweigepflicht von Projektmitarbeitern sowie zum Datenschutz werden in der Studie eingehalten. Die im Rahmen dieser Studie erhobenen Daten werden vertraulich behandelt und verschl\u00fcsselt (pseudonymisiert) gespeichert. Die Verschl\u00fcsselung bzw. Pseudonymisierung erfolgt unter Verwendung einer Nummer, ohne Angabe Ihres Namens. Sie haben das Recht, Ihre Daten l\u00f6schen zu lassen, indem Sie auf das entsprechende Feld in der App klicken, oder infas kontaktieren. Damit w\u00e4re auch die Studienteilnahme an der Smartphone-Studie f\u00fcr Sie beendet. Falls Sie auch Ihre erneute Teilnahme an der \u201cLeben in Deutschland\u201d-Befragung (SOEP-IS) widerrufen wollen, wenden Sie sich bitte in einer separaten Nachricht an infas. Diejenigen Projektmitarbeiter, die durch direkten Kontakt mit Ihnen \u00fcber personenbezogene Daten, z.B. Namen, verf\u00fcgen, sind zur <strong>Verschwiegenheit und Einhaltung des Datenschutzes<\/strong> verpflichtet.<br>Gem\u00e4\u00df den Richtlinien zur Selbstkontrolle in der Wissenschaft und dem Prinzip der Daten-Nachnutzung in der Wissenschaft folgend, werden die Rohdaten von den am Projekt beteiligten WissenschaftlerInnen f\u00fcr einen unbefristeten Zeitraum gesichert gespeichert. Die aggregierten und damit anonymisierten Daten werden gem\u00e4\u00df den Leitlinien zum Umgang mit Forschungsdaten der Deutschen Forschungsgemeinschaft ebenfalls f\u00fcr einen unbefristeten Zeitraum gespeichert. <strong>In anonymisierter Form und unter Ausschluss kommerzieller Nutzung <\/strong>werden im Rahmen der regul\u00e4ren Datenweitergabe der \u201cLeben in Deutschland\u201d-Befragung (SOEP-IS) circa 24 Monate nach der Studie \u201eSoziale Beziehungen im Alltag\u201c die aggregierten Daten WissenschaftlerInnen, die einen Datennutzungsvertrag mit dem SOEP am DIW Berlin geschlossen haben, zur Verf\u00fcgung gestellt. Diese WissenschaftlerInnen sichern durch den Datennutzungsvertrag die Einhaltung des Datenschutzes ab dem Zeitpunkt der \u00dcbermittlung der Daten zu. Die Weitergabe der Daten an diese WissenschaftlerInnen erfolgt in aggregierter Form, die keine direkten R\u00fcckschl\u00fcsse auf Ihre Person zulassen, z.B. Anzahl und Zeitpunkte von Anrufen pro Tag ohne Telefonnummern. Aus diesen Daten ist ein R\u00fcckschluss auf Ihre Person ausgeschlossen. Ausf\u00fchrliche Informationen zur Art der gespeicherten Daten findet sich in der beiliegenden Datenschutzerkl\u00e4rung.&nbsp;<\/p>\n\n\n\n<p><strong>Aufwandsentsch\u00e4digung<\/strong><\/p>\n\n\n\n<p>F\u00fcr die Teilnahme an der Studie erhalten Sie eine Aufwandsentsch\u00e4digung von 40 \u20ac. Vielen Dank f\u00fcr Ihre Teilnahme!<\/p>\n\n\n\n<p><strong>\u00dcbersicht&nbsp;<\/strong><\/p>\n\n\n\n<ul class=\"wp-block-list\"><li><a href=\"https:\/\/phonestudy.org\/en\/dips\/\">Startseite<\/a><\/li><li><a href=\"https:\/\/phonestudy.org\/en\/dips\/informationen-zur-studie\/\"><a href=\"https:\/\/phonestudy.org\/en\/dips\/haeufige-fragen\/\">H\u00e4ufige Fragen<\/a><\/a><\/li><li><a href=\"https:\/\/phonestudy.org\/en\/dips\/anleitung\/\">Anleitung zur Installation<\/a><\/li><\/ul>","protected":false},"excerpt":{"rendered":"<p>Worum geht es?&nbsp; In unserer Studie \u201cSoziale Beziehungen im Alltag\u201d untersuchen wir anhand der Nutzung von Smartphones, wie sich Menschen in ihren sozialen Kontakten und Beziehungen unterscheiden. Wir interessieren uns auch daf\u00fcr, wie diese Unterschiede mit Pers\u00f6nlichkeitseigenschaften sowie dem Lebenskontext zusammenh\u00e4ngen. Erkenntnisse auf diesem Gebiet sind wichtig, um soziale Beziehungen, welche zentraler Bestandteil von Gesellschaften&hellip;&nbsp;<\/p>","protected":false},"author":2,"featured_media":0,"parent":582,"menu_order":4,"comment_status":"closed","ping_status":"closed","template":"","meta":{"neve_meta_sidebar":"","neve_meta_container":"","neve_meta_enable_content_width":"","neve_meta_content_width":0,"neve_meta_title_alignment":"","neve_meta_author_avatar":"","neve_post_elements_order":"","neve_meta_disable_header":"on","neve_meta_disable_footer":"","neve_meta_disable_title":"","footnotes":""},"class_list":["post-597","page","type-page","status-publish","hentry"],"_links":{"self":[{"href":"https:\/\/phonestudy.org\/en\/wp-json\/wp\/v2\/pages\/597","targetHints":{"allow":["GET"]}}],"collection":[{"href":"https:\/\/phonestudy.org\/en\/wp-json\/wp\/v2\/pages"}],"about":[{"href":"https:\/\/phonestudy.org\/en\/wp-json\/wp\/v2\/types\/page"}],"author":[{"embeddable":true,"href":"https:\/\/phonestudy.org\/en\/wp-json\/wp\/v2\/users\/2"}],"replies":[{"embeddable":true,"href":"https:\/\/phonestudy.org\/en\/wp-json\/wp\/v2\/comments?post=597"}],"version-history":[{"count":8,"href":"https:\/\/phonestudy.org\/en\/wp-json\/wp\/v2\/pages\/597\/revisions"}],"predecessor-version":[{"id":1242,"href":"https:\/\/phonestudy.org\/en\/wp-json\/wp\/v2\/pages\/597\/revisions\/1242"}],"up":[{"embeddable":true,"href":"https:\/\/phonestudy.org\/en\/wp-json\/wp\/v2\/pages\/582"}],"wp:attachment":[{"href":"https:\/\/phonestudy.org\/en\/wp-json\/wp\/v2\/media?parent=597"}],"curies":[{"name":"wp","href":"https:\/\/api.w.org\/{rel}","templated":true}]}}