{"id":594,"date":"2022-03-30T10:41:39","date_gmt":"2022-03-30T10:41:39","guid":{"rendered":"https:\/\/phonestudy.org\/?page_id=594"},"modified":"2022-10-27T16:17:21","modified_gmt":"2022-10-27T16:17:21","slug":"anleitung","status":"publish","type":"page","link":"https:\/\/phonestudy.org\/en\/dips\/anleitung","title":{"rendered":"Anleitung"},"content":{"rendered":"<p>Wir empfehlen, die Anleitung auf einem Computer, Tablet oder einem weiteren Smartphone zu lesen (also auf einem anderen Ger\u00e4t als auf dem Smartphone, auf dem Sie die Forschungs-App installieren wollen). Dann k\u00f6nnen Sie nebenbei die Anleitung lesen, w\u00e4hrend Sie auf Ihrem Smartphone Schritt f\u00fcr Schritt die Installation durchgehen.<br>Bitte \u00f6ffnen Sie die Anleitung, die zu Ihrem Smartphone-Hersteller passt. Wenn Ihr Hersteller nicht aufgef\u00fchrt ist, w\u00e4hlen Sie <em>Sonstige<\/em>.<\/p>\n\n\n\n<ul class=\"wp-block-list\"><li><a rel=\"noreferrer noopener\" href=\"https:\/\/phonestudy.org\/en\/dips\/anleitung\/samsung\/\" target=\"_blank\">Samsung<\/a><\/li><li><a rel=\"noreferrer noopener\" href=\"https:\/\/phonestudy.org\/en\/dips\/anleitung\/huawei\/\" target=\"_blank\">Huawei<\/a><\/li><li><a rel=\"noreferrer noopener\" href=\"https:\/\/phonestudy.org\/en\/google-pixel\/\" target=\"_blank\">Google Pixel<\/a><\/li><li><a href=\"https:\/\/phonestudy.org\/en\/dips\/anleitung\/google-pixel-13\/\" target=\"_blank\" rel=\"noreferrer noopener\">Google Pixel unter Android 13<\/a><\/li><li><a rel=\"noreferrer noopener\" href=\"https:\/\/phonestudy.org\/en\/dips\/anleitung\/xiaomi\/\" target=\"_blank\">Xiaomi<\/a><\/li><li><a rel=\"noreferrer noopener\" href=\"https:\/\/phonestudy.org\/en\/dips\/anleitung\/motorola\/\" target=\"_blank\">Motorola<\/a><\/li><li><a rel=\"noreferrer noopener\" href=\"https:\/\/phonestudy.org\/en\/dips\/anleitung\/sonstige\/\" target=\"_blank\">Sonstige<\/a><\/li><\/ul>\n\n\n\n<p class=\"has-nv-dark-bg-color has-text-color\"><strong>\u00dcbersicht&nbsp;<\/strong><\/p>\n\n\n\n<ul class=\"wp-block-list\"><li><a href=\"https:\/\/phonestudy.org\/en\/dips\/\">Startseite<\/a><\/li><li><a href=\"https:\/\/phonestudy.org\/en\/dips\/haeufige-fragen\/\">H\u00e4ufige Fragen<\/a><\/li><li><a href=\"https:\/\/phonestudy.org\/en\/dips\/informationen-zur-studie\/\">Informationen zur Studie<\/a><\/li><\/ul>","protected":false},"excerpt":{"rendered":"<p>Wir empfehlen, die Anleitung auf einem Computer, Tablet oder einem weiteren Smartphone zu lesen (also auf einem anderen Ger\u00e4t als auf dem Smartphone, auf dem Sie die Forschungs-App installieren wollen). Dann k\u00f6nnen Sie nebenbei die Anleitung lesen, w\u00e4hrend Sie auf Ihrem Smartphone Schritt f\u00fcr Schritt die Installation durchgehen.Bitte \u00f6ffnen Sie die Anleitung, die zu Ihrem&hellip;&nbsp;<\/p>","protected":false},"author":2,"featured_media":0,"parent":582,"menu_order":4,"comment_status":"closed","ping_status":"closed","template":"","meta":{"neve_meta_sidebar":"","neve_meta_container":"","neve_meta_enable_content_width":"","neve_meta_content_width":0,"neve_meta_title_alignment":"","neve_meta_author_avatar":"","neve_post_elements_order":"","neve_meta_disable_header":"on","neve_meta_disable_footer":"","neve_meta_disable_title":"","footnotes":""},"class_list":["post-594","page","type-page","status-publish","hentry"],"_links":{"self":[{"href":"https:\/\/phonestudy.org\/en\/wp-json\/wp\/v2\/pages\/594","targetHints":{"allow":["GET"]}}],"collection":[{"href":"https:\/\/phonestudy.org\/en\/wp-json\/wp\/v2\/pages"}],"about":[{"href":"https:\/\/phonestudy.org\/en\/wp-json\/wp\/v2\/types\/page"}],"author":[{"embeddable":true,"href":"https:\/\/phonestudy.org\/en\/wp-json\/wp\/v2\/users\/2"}],"replies":[{"embeddable":true,"href":"https:\/\/phonestudy.org\/en\/wp-json\/wp\/v2\/comments?post=594"}],"version-history":[{"count":13,"href":"https:\/\/phonestudy.org\/en\/wp-json\/wp\/v2\/pages\/594\/revisions"}],"predecessor-version":[{"id":1314,"href":"https:\/\/phonestudy.org\/en\/wp-json\/wp\/v2\/pages\/594\/revisions\/1314"}],"up":[{"embeddable":true,"href":"https:\/\/phonestudy.org\/en\/wp-json\/wp\/v2\/pages\/582"}],"wp:attachment":[{"href":"https:\/\/phonestudy.org\/en\/wp-json\/wp\/v2\/media?parent=594"}],"curies":[{"name":"wp","href":"https:\/\/api.w.org\/{rel}","templated":true}]}}