{"id":390,"date":"2022-01-25T16:31:32","date_gmt":"2022-01-25T16:31:32","guid":{"rendered":"https:\/\/phonestudy.org\/?page_id=390"},"modified":"2022-01-26T16:40:24","modified_gmt":"2022-01-26T16:40:24","slug":"impressum","status":"publish","type":"page","link":"https:\/\/phonestudy.org\/en\/impressum","title":{"rendered":"Impressum"},"content":{"rendered":"<div class=\"wp-block-columns is-layout-flex wp-container-core-columns-is-layout-9d6595d7 wp-block-columns-is-layout-flex\"><\/div>\n\n\n\n<div class=\"wp-block-columns is-layout-flex wp-container-core-columns-is-layout-9d6595d7 wp-block-columns-is-layout-flex\">\n<div class=\"wp-block-column is-layout-flow wp-block-column-is-layout-flow\">\n<p>Department Psychologie<br>Lehrstuhl f\u00fcr Psychologische Methodenlehre und Diagnostik<br>Leopoldstra\u00dfe 13<br>80802 M\u00fcnchen<br>Projektleitung: Dr. Ramona Schoedel<br><a rel=\"noreferrer noopener\" href=\"mailto:Phonestudy@psy.lmu.de\" target=\"_blank\"><\/a><a rel=\"noreferrer noopener\" href=\"mailto:Phonestudy@psy.lmu.de\" target=\"_blank\">Phonestudy@psy.lmu.de<\/a><\/p>\n<\/div>\n\n\n\n<div class=\"wp-block-column is-layout-flow wp-block-column-is-layout-flow\">\n<figure class=\"wp-block-image size-full is-resized\"><img loading=\"lazy\" decoding=\"async\" src=\"http:\/\/phonestudy.org\/wp-content\/uploads\/2022\/01\/contacts.png\" alt=\"\" class=\"wp-image-338\" width=\"175\" height=\"186\" srcset=\"https:\/\/phonestudy.org\/wp-content\/uploads\/2022\/01\/contacts.png 279w, https:\/\/phonestudy.org\/wp-content\/uploads\/2022\/01\/contacts-11x12.png 11w\" sizes=\"auto, (max-width: 175px) 100vw, 175px\" \/><\/figure>\n<\/div>\n<\/div>","protected":false},"excerpt":{"rendered":"<p>Department PsychologieLehrstuhl f\u00fcr Psychologische Methodenlehre und DiagnostikLeopoldstra\u00dfe 1380802 M\u00fcnchenProjektleitung: Dr. Ramona SchoedelPhonestudy@psy.lmu.de<\/p>","protected":false},"author":2,"featured_media":0,"parent":0,"menu_order":0,"comment_status":"closed","ping_status":"closed","template":"","meta":{"neve_meta_sidebar":"","neve_meta_container":"","neve_meta_enable_content_width":"","neve_meta_content_width":0,"neve_meta_title_alignment":"","neve_meta_author_avatar":"","neve_post_elements_order":"","neve_meta_disable_header":"","neve_meta_disable_footer":"","neve_meta_disable_title":"","footnotes":""},"class_list":["post-390","page","type-page","status-publish","hentry"],"_links":{"self":[{"href":"https:\/\/phonestudy.org\/en\/wp-json\/wp\/v2\/pages\/390","targetHints":{"allow":["GET"]}}],"collection":[{"href":"https:\/\/phonestudy.org\/en\/wp-json\/wp\/v2\/pages"}],"about":[{"href":"https:\/\/phonestudy.org\/en\/wp-json\/wp\/v2\/types\/page"}],"author":[{"embeddable":true,"href":"https:\/\/phonestudy.org\/en\/wp-json\/wp\/v2\/users\/2"}],"replies":[{"embeddable":true,"href":"https:\/\/phonestudy.org\/en\/wp-json\/wp\/v2\/comments?post=390"}],"version-history":[{"count":9,"href":"https:\/\/phonestudy.org\/en\/wp-json\/wp\/v2\/pages\/390\/revisions"}],"predecessor-version":[{"id":451,"href":"https:\/\/phonestudy.org\/en\/wp-json\/wp\/v2\/pages\/390\/revisions\/451"}],"wp:attachment":[{"href":"https:\/\/phonestudy.org\/en\/wp-json\/wp\/v2\/media?parent=390"}],"curies":[{"name":"wp","href":"https:\/\/api.w.org\/{rel}","templated":true}]}}