{"id":335,"date":"2022-01-25T12:29:51","date_gmt":"2022-01-25T12:29:51","guid":{"rendered":"https:\/\/phonestudy.org\/?page_id=335"},"modified":"2022-01-31T09:32:02","modified_gmt":"2022-01-31T09:32:02","slug":"moody-life-study","status":"publish","type":"page","link":"https:\/\/phonestudy.org\/en\/moody-life-study","title":{"rendered":"Moody Life Study"},"content":{"rendered":"<div class=\"wp-block-cover alignfull\" style=\"min-height:500px;aspect-ratio:unset;\"><span aria-hidden=\"true\" class=\"has-nv-light-bg-background-color has-background-dim-80 wp-block-cover__gradient-background has-background-dim\"><\/span><img loading=\"lazy\" decoding=\"async\" width=\"2002\" height=\"1125\" class=\"wp-block-cover__image-background wp-image-332\" alt=\"\" src=\"http:\/\/phonestudy.org\/wp-content\/uploads\/2022\/01\/MoodyLifeStudy.png\" style=\"object-position:16% 91%\" data-object-fit=\"cover\" data-object-position=\"16% 91%\" srcset=\"https:\/\/phonestudy.org\/wp-content\/uploads\/2022\/01\/MoodyLifeStudy.png 2002w, https:\/\/phonestudy.org\/wp-content\/uploads\/2022\/01\/MoodyLifeStudy-300x169.png 300w, https:\/\/phonestudy.org\/wp-content\/uploads\/2022\/01\/MoodyLifeStudy-1024x575.png 1024w, https:\/\/phonestudy.org\/wp-content\/uploads\/2022\/01\/MoodyLifeStudy-768x432.png 768w, https:\/\/phonestudy.org\/wp-content\/uploads\/2022\/01\/MoodyLifeStudy-1536x863.png 1536w, https:\/\/phonestudy.org\/wp-content\/uploads\/2022\/01\/MoodyLifeStudy-18x10.png 18w\" sizes=\"auto, (max-width: 2002px) 100vw, 2002px\" \/><div class=\"wp-block-cover__inner-container is-layout-flow wp-block-cover-is-layout-flow\">\n<div class=\"wp-block-columns alignwide is-layout-flex wp-container-core-columns-is-layout-9d6595d7 wp-block-columns-is-layout-flex\">\n<div class=\"wp-block-column is-vertically-aligned-center is-layout-flow wp-block-column-is-layout-flow\" style=\"flex-basis:66.66%\">\n<h1 class=\"has-text-align-left has-neve-text-color-color has-text-color wp-block-heading\" id=\"moody-life-study\">Moody Life Study<\/h1>\n\n\n\n<p class=\"has-text-align-left has-neve-text-color-color has-text-color\">Herzlich Willkommen bei der Moody Life Study &#8211; Wie sch\u00f6n, dass Sie sich f\u00fcr eine Teilnahme interessieren! In dieser Studie der Ludwig-Maximilians-Universit\u00e4t M\u00fcnchen geht es um die Frage, was unsere Smartphone-Nutzungsdaten \u00fcber unsere Schlafgewohnheiten und unsere Schlafqualit\u00e4t im Alltag verraten. Um dieser Frage nachzugehen, laden wir Sie herzlich zur Teilnahme an unserer Smartphone-Studie ein!&nbsp;<\/p>\n<\/div>\n\n\n\n<div class=\"wp-block-column is-layout-flow wp-block-column-is-layout-flow\" style=\"flex-basis:33.33%\"><\/div>\n<\/div>\n<\/div><\/div>\n\n\n\n<div style=\"height:25px\" aria-hidden=\"true\" class=\"wp-block-spacer\"><\/div>\n\n\n\n<div class=\"wp-block-columns is-layout-flex wp-container-core-columns-is-layout-9d6595d7 wp-block-columns-is-layout-flex\">\n<div class=\"wp-block-column is-vertically-aligned-center is-layout-flow wp-block-column-is-layout-flow\">\n<figure class=\"wp-block-image size-full is-resized\"><img loading=\"lazy\" decoding=\"async\" src=\"http:\/\/phonestudy.org\/wp-content\/uploads\/2022\/01\/sleep_sheep.png\" alt=\"\" class=\"wp-image-501\" width=\"131\" height=\"130\" srcset=\"https:\/\/phonestudy.org\/wp-content\/uploads\/2022\/01\/sleep_sheep.png 262w, https:\/\/phonestudy.org\/wp-content\/uploads\/2022\/01\/sleep_sheep-150x150.png 150w, https:\/\/phonestudy.org\/wp-content\/uploads\/2022\/01\/sleep_sheep-12x12.png 12w\" sizes=\"auto, (max-width: 131px) 100vw, 131px\" \/><\/figure>\n\n\n\n<h2 class=\"wp-block-heading\" id=\"wie-lauft-die-studie-ab\"><strong>Wie l\u00e4uft die Studie ab?<\/strong><\/h2>\n\n\n\n<p>\u00dcber eine Studiendauer von 14 Tagen werden Sie die <strong>PhoneStudy App<\/strong> auf Ihrem privaten Smartphone installieren. W\u00e4hrend dieses Zeitraums zeichnet die App bestimmte Aspekte Ihres Nutzungsverhaltens am Smartphone auf, z.B. wie lange Sie t\u00e4glich Musik h\u00f6ren oder wie h\u00e4ufig Sie ihr Smartphone nutzen.&nbsp;<\/p>\n\n\n\n<p>Die PhoneStudy-App fordert Sie au\u00dferdem <strong>t\u00e4glich zweimal dazu auf kurze Fragen (2-5 Min)<\/strong> \u00fcber Ihr Schlafverhalten oder Ihre aktuelle Stimmung zu beantworten.&nbsp;<\/p>\n\n\n\n<p>In Erg\u00e4nzung zur App bitten wir Sie f\u00fcr die Dauer der Studie <strong>kontinuierlich ein Armband zu tragen<\/strong>, das Sie von uns zur Verf\u00fcgung gestellt bekommen. Dieses Armband ist ein Bewegungsmesser und sieht aus wie eine ganz normale Armbanduhr, nur ohne Ziffernblatt. Es zeichnet auf, ob Sie sich bewegen oder in Ruhe befinden. Dieses Vorgehen ist ein in der Schlafmedizin anerkanntes Verfahren zur Erforschung von Schlaf im Alltag.Au\u00dferdem findet zu <strong>Beginn und zum Ende der Studie jeweils eine ca. 25-min\u00fctige Online-Befragung<\/strong> statt. Darin befragen wir Sie zu Themen wie Ihren Schlafgewohnheiten, Ihrem Wohlbefinden und Ihren Pers\u00f6nlichkeitseigenschaften.<\/p>\n\n\n\n<div class=\"wp-block-buttons is-layout-flex wp-block-buttons-is-layout-flex\"><\/div>\n<\/div>\n<\/div>\n\n\n\n<div class=\"wp-block-columns is-layout-flex wp-container-core-columns-is-layout-9d6595d7 wp-block-columns-is-layout-flex\">\n<div class=\"wp-block-column is-vertically-aligned-center is-layout-flow wp-block-column-is-layout-flow\">\n<figure class=\"wp-block-image size-full is-resized\"><img loading=\"lazy\" decoding=\"async\" src=\"https:\/\/phonestudy.org\/wp-content\/uploads\/2022\/01\/sleep_moon.png\" alt=\"\" class=\"wp-image-498\" width=\"115\" height=\"100\" srcset=\"https:\/\/phonestudy.org\/wp-content\/uploads\/2022\/01\/sleep_moon.png 229w, https:\/\/phonestudy.org\/wp-content\/uploads\/2022\/01\/sleep_moon-14x12.png 14w\" sizes=\"auto, (max-width: 115px) 100vw, 115px\" \/><\/figure>\n\n\n\n<h2 class=\"wp-block-heading\" id=\"wird-die-teilnahme-vergutet\"><strong>Wird die Teilnahme verg\u00fctet?<\/strong>&nbsp;<\/h2>\n\n\n\n<p>Ihre Teilnahme stellt einen wertvollen Beitrag zur universit\u00e4ren Forschung dar! Nach dem erfolgreichen Abschluss der Studie erhalten Sie als Dankesch\u00f6n eine individuelle R\u00fcckmeldung zu Ihren w\u00e4hrend der Studie aufgezeichneten Daten. Zudem erhalten Sie eine Verg\u00fctung i.F.v. 4 ganzen Versuchspersonenstunden oder wahlweise 25\u20ac.<\/p>\n\n\n\n<div class=\"wp-block-buttons is-layout-flex wp-block-buttons-is-layout-flex\"><\/div>\n<\/div>\n<\/div>\n\n\n\n<div class=\"wp-block-columns is-layout-flex wp-container-core-columns-is-layout-9d6595d7 wp-block-columns-is-layout-flex\">\n<div class=\"wp-block-column is-vertically-aligned-center is-layout-flow wp-block-column-is-layout-flow\">\n<figure class=\"wp-block-image size-full is-resized\"><img loading=\"lazy\" decoding=\"async\" src=\"https:\/\/phonestudy.org\/wp-content\/uploads\/2022\/01\/sleep_bed.png\" alt=\"\" class=\"wp-image-499\" width=\"127\" height=\"95\" srcset=\"https:\/\/phonestudy.org\/wp-content\/uploads\/2022\/01\/sleep_bed.png 253w, https:\/\/phonestudy.org\/wp-content\/uploads\/2022\/01\/sleep_bed-16x12.png 16w\" sizes=\"auto, (max-width: 127px) 100vw, 127px\" \/><\/figure>\n\n\n\n<h2 class=\"wp-block-heading\" id=\"wer-kann-teilnehmen\"><strong>Wer kann teilnehmen?&nbsp;<\/strong><\/h2>\n\n\n\n<p>Teilnehmen k\u00f6nnen Personen ab 18 Jahren, die ein Smartphone mit Android-Betriebssystem (Android 6.0 oder neuer) besitzen. Zudem sollten Sie folgende Voraussetzungen erf\u00fcllen:<\/p>\n\n\n\n<ul class=\"wp-block-list\"><li>Sie sind alleinige\/r Nutzer\/in eines Smartphones, das Ihrer Erstnutzung dient (d.h. es ist z.B. nicht einfach nur ein Diensthandy f\u00fcr Arbeitszwecke)<\/li><li>Sie haben die M\u00f6glichkeit das oben erw\u00e4hnte Armband 14 Tage w\u00e4hrend der Studiendauer durchgehend zu tragen<\/li><li>Sie wohnen in M\u00fcnchen oder im Umkreis, da Sie sich zur \u00dcbergabe des Armbands mit unserem\/r Studienleiter\/in zu Beginn und am Ende der Studie kurz treffen m\u00fcssen<\/li><li>Deutsch auf Muttersprach- oder sehr gutem Niveau<\/li><li>Sie arbeiten nicht im Schichtdienst<\/li><li>Bei Ihnen liegen keine akuten neurologischen oder psychiatrischen Erkrankungen vor<\/li><li>Sie leider derzeit nicht unter Schlafst\u00f6rungen (Insomnia)<\/li><\/ul>\n\n\n\n<p><\/p>\n<\/div>\n<\/div>\n\n\n\n<div class=\"wp-block-columns is-layout-flex wp-container-core-columns-is-layout-9d6595d7 wp-block-columns-is-layout-flex\">\n<div class=\"wp-block-column is-vertically-aligned-center is-layout-flow wp-block-column-is-layout-flow\">\n<figure class=\"wp-block-image size-full is-resized\"><img loading=\"lazy\" decoding=\"async\" src=\"http:\/\/phonestudy.org\/wp-content\/uploads\/2022\/01\/sleep_tired.png\" alt=\"\" class=\"wp-image-497\" width=\"117\" height=\"99\" srcset=\"https:\/\/phonestudy.org\/wp-content\/uploads\/2022\/01\/sleep_tired.png 234w, https:\/\/phonestudy.org\/wp-content\/uploads\/2022\/01\/sleep_tired-14x12.png 14w\" sizes=\"auto, (max-width: 117px) 100vw, 117px\" \/><\/figure>\n\n\n\n<h2 class=\"wp-block-heading\" id=\"wie-melden-sie-sich-fur-die-studie-an\"><strong>Wie melden Sie sich f\u00fcr die Studie an?<\/strong><\/h2>\n\n\n\n<p>Sie haben Interesse an der Moody Life Study teilzunehmen? Dann schreiben Sie uns gerne eine Email an <a href=\"mailto:phonestudy@psy.lmu.de\" target=\"_blank\" rel=\"noreferrer noopener\">phonestudy@psy.lmu.de<\/a> mit dem Betreff \u201cTeilnahme Moody Life Study\u201d. Wir melden uns so schnell wie m\u00f6glich bei Ihnen zur\u00fcck, um mit Ihnen einen Termin f\u00fcr die Studienteilnahme und die \u00dcbergabe des Armbands zu vereinbaren.<\/p>\n<\/div>\n<\/div>","protected":false},"excerpt":{"rendered":"<p>Wie l\u00e4uft die Studie ab? \u00dcber eine Studiendauer von 14 Tagen werden Sie die PhoneStudy App auf Ihrem privaten Smartphone installieren. W\u00e4hrend dieses Zeitraums zeichnet die App bestimmte Aspekte Ihres Nutzungsverhaltens am Smartphone auf, z.B. wie lange Sie t\u00e4glich Musik h\u00f6ren oder wie h\u00e4ufig Sie ihr Smartphone nutzen.&nbsp; Die PhoneStudy-App fordert Sie au\u00dferdem t\u00e4glich zweimal&hellip;&nbsp;<\/p>","protected":false},"author":2,"featured_media":0,"parent":0,"menu_order":2,"comment_status":"closed","ping_status":"closed","template":"","meta":{"neve_meta_sidebar":"full-width","neve_meta_container":"contained","neve_meta_enable_content_width":"on","neve_meta_content_width":70,"neve_meta_title_alignment":"","neve_meta_author_avatar":"","neve_post_elements_order":"","neve_meta_disable_header":"","neve_meta_disable_footer":"","neve_meta_disable_title":"on","footnotes":""},"class_list":["post-335","page","type-page","status-publish","hentry"],"_links":{"self":[{"href":"https:\/\/phonestudy.org\/en\/wp-json\/wp\/v2\/pages\/335","targetHints":{"allow":["GET"]}}],"collection":[{"href":"https:\/\/phonestudy.org\/en\/wp-json\/wp\/v2\/pages"}],"about":[{"href":"https:\/\/phonestudy.org\/en\/wp-json\/wp\/v2\/types\/page"}],"author":[{"embeddable":true,"href":"https:\/\/phonestudy.org\/en\/wp-json\/wp\/v2\/users\/2"}],"replies":[{"embeddable":true,"href":"https:\/\/phonestudy.org\/en\/wp-json\/wp\/v2\/comments?post=335"}],"version-history":[{"count":4,"href":"https:\/\/phonestudy.org\/en\/wp-json\/wp\/v2\/pages\/335\/revisions"}],"predecessor-version":[{"id":503,"href":"https:\/\/phonestudy.org\/en\/wp-json\/wp\/v2\/pages\/335\/revisions\/503"}],"wp:attachment":[{"href":"https:\/\/phonestudy.org\/en\/wp-json\/wp\/v2\/media?parent=335"}],"curies":[{"name":"wp","href":"https:\/\/api.w.org\/{rel}","templated":true}]}}