{"id":284,"date":"2022-01-20T16:37:13","date_gmt":"2022-01-20T16:37:13","guid":{"rendered":"https:\/\/phonestudy.org\/?page_id=284"},"modified":"2022-01-31T09:31:34","modified_gmt":"2022-01-31T09:31:34","slug":"jobs","status":"publish","type":"page","link":"https:\/\/phonestudy.org\/en\/sample-page\/jobs","title":{"rendered":"Jobs"},"content":{"rendered":"<div class=\"wp-block-cover alignfull is-light\" style=\"min-height:366px;aspect-ratio:unset;\"><span aria-hidden=\"true\" class=\"has-nv-light-bg-background-color has-background-dim-0 wp-block-cover__gradient-background has-background-dim\"><\/span><img loading=\"lazy\" decoding=\"async\" width=\"1806\" height=\"927\" class=\"wp-block-cover__image-background wp-image-526\" alt=\"\" src=\"http:\/\/phonestudy.org\/wp-content\/uploads\/2022\/01\/HG_team-1-3.png\" style=\"object-position:55% 50%\" data-object-fit=\"cover\" data-object-position=\"55% 50%\" srcset=\"https:\/\/phonestudy.org\/wp-content\/uploads\/2022\/01\/HG_team-1-3.png 1806w, https:\/\/phonestudy.org\/wp-content\/uploads\/2022\/01\/HG_team-1-3-300x154.png 300w, https:\/\/phonestudy.org\/wp-content\/uploads\/2022\/01\/HG_team-1-3-1024x526.png 1024w, https:\/\/phonestudy.org\/wp-content\/uploads\/2022\/01\/HG_team-1-3-768x394.png 768w, https:\/\/phonestudy.org\/wp-content\/uploads\/2022\/01\/HG_team-1-3-1536x788.png 1536w, https:\/\/phonestudy.org\/wp-content\/uploads\/2022\/01\/HG_team-1-3-18x9.png 18w\" sizes=\"auto, (max-width: 1806px) 100vw, 1806px\" \/><div class=\"wp-block-cover__inner-container is-layout-flow wp-block-cover-is-layout-flow\">\n<div class=\"wp-block-columns alignwide is-layout-flex wp-container-core-columns-is-layout-9d6595d7 wp-block-columns-is-layout-flex\">\n<div class=\"wp-block-column is-vertically-aligned-center is-layout-flow wp-block-column-is-layout-flow\" style=\"flex-basis:66.66%\">\n<h1 class=\"has-text-align-left has-neve-text-color-color has-text-color wp-block-heading\" id=\"werde-teil-unseres-phonestudy-teams\">Werde Teil unseres <br>PhoneStudy Teams<\/h1>\n<\/div>\n\n\n\n<div class=\"wp-block-column is-layout-flow wp-block-column-is-layout-flow\" style=\"flex-basis:33.33%\"><\/div>\n<\/div>\n<\/div><\/div>\n\n\n\n<div style=\"height:50px\" aria-hidden=\"true\" class=\"wp-block-spacer\"><\/div>\n\n\n\n<div class=\"wp-block-group\"><div class=\"wp-block-group__inner-container is-layout-flow wp-block-group-is-layout-flow\">\n<h2 class=\"has-text-align-center has-large-font-size wp-block-heading\" id=\"offene-stellen\">Open positions<\/h2>\n\n\n\n<hr class=\"wp-block-separator has-text-color has-background has-neve-button-color-background-color has-neve-button-color-color is-style-default\"\/>\n\n\n\n<div class=\"wp-block-columns is-layout-flex wp-container-core-columns-is-layout-9d6595d7 wp-block-columns-is-layout-flex\">\n<div class=\"wp-block-column is-layout-flow wp-block-column-is-layout-flow\">\n<p class=\"has-text-align-center has-large-font-size\"><strong>Android \/ React App Development<\/strong><\/p>\n\n\n\n<p class=\"has-text-align-center has-medium-font-size\"><meta charset=\"utf-8\"><strong>as a student assistant at the LMU<\/strong><\/p>\n\n\n\n<p>In the PhoneStudy project, we address how mobile sensing technology can be used in psychological, sociological, and HCI research. Current work revolves around both connections between behavior, context, and personality , improving privacy and data protection, or deploying sophisticated machine learning models on mobile devices. The PhoneStudy Android app is the core of the project, and is kept up-to-date and state of the art by student assistants.<\/p>\n\n\n\n<p><strong>What would be your activity<\/strong><br>As a fullstack developer, you would primarily work on our client-side study software, but also get an insight and smaller to-dos on the server side (more if you are interested). You will mainly take care that our app runs stable and secure on the latest Android versions, due to constant updates from Google there is always something to do. Besides Android, some components of the app are also implemented with ReactJS, if you are interested you could also set your focus here.<br>Die Arbeitszeit und -ort sind flexibel einteilbar, und somit mit Klausuren etc. gut vereinbar. Bei Interesse kann auch an wissenschaftlichen Publikationen mitgearbeitet werden.<\/p>\n\n\n\n<p><strong>Who we are looking for<\/strong><br>\u2022 You have Android experience or alternatively very good Java knowledge<br>\u2022 You are interested in the interaction between app and backend, and for this you might already have<br>collected first experiences<br>\u2022 You want to get an insight into interdisciplinary research<br>\u2022 You enjoy working on collaborative projects in a small team where it is important<br>that everyone contributes with their ideas and experience<br>\u2022 You have time to contribute 10-15h\/week to the project<\/p>\n\n\n\n<p>If we have aroused your interest, we would be pleased to receive a message with a few brief details about your project-relevant previous knowledge \/ projects:<br>Sophia Sakel (sophia.sakel@ifi.lmu.de), Chair of Media Informatics, LMU Munich<\/p>\n<\/div>\n<\/div>\n\n\n\n<hr class=\"wp-block-separator has-text-color has-background has-neve-button-color-background-color has-neve-button-color-color is-style-default\"\/>\n\n\n\n<div class=\"wp-block-columns is-layout-flex wp-container-core-columns-is-layout-9d6595d7 wp-block-columns-is-layout-flex\">\n<div class=\"wp-block-column is-layout-flow wp-block-column-is-layout-flow\">\n<p class=\"has-text-align-center has-large-font-size\"><strong>System Orchestration and Backend Developer <\/strong><\/p>\n\n\n\n<p class=\"has-text-align-center has-medium-font-size\"><strong>as a student assistant at the LMU<\/strong><\/p>\n\n\n\n<p>For the PhoneStudy research project we are looking for student assistants (Hiwi) for 10-15h per week. In the project we deal with correlations between smartphone usage behavior and psychological theories, such as personality. For this purpose, we are developing a mobile sensing Android app that efficiently and securely collects user data for scientific studies.<\/p>\n\n\n\n<p><strong>What would be your activity<\/strong><br>You would further develop our automated provisioning and deployment system through which servers are managed. We use Ansible playbooks to set up and configure the required software. We would also like to continuously develop our NodeJS backend application to enable data logging to answer new research questions. Your first tasks could be, for example, configuring monitoring of our live system using Kibana, extending the NodeJS backend to support multiple studies, or user and role management of the backend via Anisble.<br>The working hours and location can be flexibly arranged, and are therefore well compatible with exams etc.<br>If you are interested, you can also work on scientific publications.<\/p>\n\n\n\n<p><strong>Who we are looking for<\/strong><br><meta charset=\"utf-8\">\u2022 You have first experiences in dealing with Linux systems<br>\u2022 You want to get involved in interdisciplinary research and actively contribute to the development of new ideas<br>\u2022 You work on problems independently and with commitment<br>\u2022 You have time to contribute 10-15h\/week to the project<\/p>\n\n\n\n<p>If we have aroused your interest, we would be pleased to receive a message with a few brief details about your project-relevant previous knowledge \/ projects:<br>Sophia Sakel (sophia.sakel@ifi.lmu.de), Chair of Media Informatics, LMU Munich<\/p>\n<\/div>\n<\/div>\n<\/div><\/div>","protected":false},"excerpt":{"rendered":"<p>Offene Stellen Android \/ React App Development als studentische Hilfskraft an der LMU Im PhoneStudy Projekt besch\u00e4ftigen wir uns damit, wie Mobile Sensing Technologie in der psychologischen, soziologischen und HCI Forschung genutzt werden kann. Aktuelle Arbeiten drehen sich sowohl um Zusammenh\u00e4nge zwischen Verhalten, Kontext und Pers\u00f6nlichkeit , die Verbesserung von Privatsph\u00e4re und Datenschutz, oder das&hellip;&nbsp;<\/p>","protected":false},"author":2,"featured_media":0,"parent":2,"menu_order":1,"comment_status":"closed","ping_status":"closed","template":"","meta":{"neve_meta_sidebar":"full-width","neve_meta_container":"contained","neve_meta_enable_content_width":"on","neve_meta_content_width":70,"neve_meta_title_alignment":"","neve_meta_author_avatar":"","neve_post_elements_order":"","neve_meta_disable_header":"","neve_meta_disable_footer":"","neve_meta_disable_title":"on","footnotes":""},"class_list":["post-284","page","type-page","status-publish","hentry"],"_links":{"self":[{"href":"https:\/\/phonestudy.org\/en\/wp-json\/wp\/v2\/pages\/284","targetHints":{"allow":["GET"]}}],"collection":[{"href":"https:\/\/phonestudy.org\/en\/wp-json\/wp\/v2\/pages"}],"about":[{"href":"https:\/\/phonestudy.org\/en\/wp-json\/wp\/v2\/types\/page"}],"author":[{"embeddable":true,"href":"https:\/\/phonestudy.org\/en\/wp-json\/wp\/v2\/users\/2"}],"replies":[{"embeddable":true,"href":"https:\/\/phonestudy.org\/en\/wp-json\/wp\/v2\/comments?post=284"}],"version-history":[{"count":13,"href":"https:\/\/phonestudy.org\/en\/wp-json\/wp\/v2\/pages\/284\/revisions"}],"predecessor-version":[{"id":541,"href":"https:\/\/phonestudy.org\/en\/wp-json\/wp\/v2\/pages\/284\/revisions\/541"}],"up":[{"embeddable":true,"href":"https:\/\/phonestudy.org\/en\/wp-json\/wp\/v2\/pages\/2"}],"wp:attachment":[{"href":"https:\/\/phonestudy.org\/en\/wp-json\/wp\/v2\/media?parent=284"}],"curies":[{"name":"wp","href":"https:\/\/api.w.org\/{rel}","templated":true}]}}