{"id":238,"date":"2022-01-07T12:54:25","date_gmt":"2022-01-07T12:54:25","guid":{"rendered":"https:\/\/phonestudy.org\/?page_id=238"},"modified":"2023-04-17T15:18:57","modified_gmt":"2023-04-17T15:18:57","slug":"studien","status":"publish","type":"page","link":"https:\/\/phonestudy.org\/en\/studien","title":{"rendered":"Studies"},"content":{"rendered":"<div class=\"wp-block-cover alignfull is-light\" style=\"min-height:295px;aspect-ratio:unset;\"><span aria-hidden=\"true\" class=\"wp-block-cover__background has-nv-light-bg-background-color has-background-dim-0 has-background-dim\"><\/span><img loading=\"lazy\" decoding=\"async\" width=\"1922\" height=\"927\" class=\"wp-block-cover__image-background wp-image-524\" alt=\"\" src=\"https:\/\/phonestudy.org\/wp-content\/uploads\/2022\/01\/HG_Studie.png\" style=\"object-position:37% 47%\" data-object-fit=\"cover\" data-object-position=\"37% 47%\" srcset=\"https:\/\/phonestudy.org\/wp-content\/uploads\/2022\/01\/HG_Studie.png 1922w, https:\/\/phonestudy.org\/wp-content\/uploads\/2022\/01\/HG_Studie-300x145.png 300w, https:\/\/phonestudy.org\/wp-content\/uploads\/2022\/01\/HG_Studie-1024x494.png 1024w, https:\/\/phonestudy.org\/wp-content\/uploads\/2022\/01\/HG_Studie-768x370.png 768w, https:\/\/phonestudy.org\/wp-content\/uploads\/2022\/01\/HG_Studie-1536x741.png 1536w, https:\/\/phonestudy.org\/wp-content\/uploads\/2022\/01\/HG_Studie-18x9.png 18w\" sizes=\"auto, (max-width: 1922px) 100vw, 1922px\" \/><div class=\"wp-block-cover__inner-container is-layout-flow wp-block-cover-is-layout-flow\">\n<div class=\"wp-block-columns alignwide is-layout-flex wp-container-core-columns-is-layout-9d6595d7 wp-block-columns-is-layout-flex\">\n<div class=\"wp-block-column is-vertically-aligned-center is-layout-flow wp-block-column-is-layout-flow\" style=\"flex-basis:66.66%\">\n<h1 class=\"wp-block-heading has-text-align-left has-neve-text-color-color has-text-color\" id=\"studien\">Studies<\/h1>\n<\/div>\n\n\n\n<div class=\"wp-block-column is-layout-flow wp-block-column-is-layout-flow\" style=\"flex-basis:33.33%\"><\/div>\n<\/div>\n<\/div><\/div>\n\n\n\n<div style=\"height:47px\" aria-hidden=\"true\" class=\"wp-block-spacer\"><\/div>\n\n\n\n<h2 class=\"wp-block-heading has-text-align-center\" id=\"aktuelle-studien\">Aktuelle Studien<\/h2>\n\n\n\n<hr class=\"wp-block-separator has-css-opacity\"\/>\n\n\n\n<div class=\"wp-block-columns is-layout-flex wp-container-core-columns-is-layout-9d6595d7 wp-block-columns-is-layout-flex\">\n<div class=\"wp-block-column is-layout-flow wp-block-column-is-layout-flow\">\n<figure class=\"wp-block-image size-large is-resized\"><img loading=\"lazy\" decoding=\"async\" src=\"https:\/\/phonestudy.org\/wp-content\/uploads\/2023\/04\/Booster-Poster-CoCoMS-SS23-724x1024.jpg\" alt=\"\" class=\"wp-image-1326\" width=\"362\" height=\"512\" srcset=\"https:\/\/phonestudy.org\/wp-content\/uploads\/2023\/04\/Booster-Poster-CoCoMS-SS23-724x1024.jpg 724w, https:\/\/phonestudy.org\/wp-content\/uploads\/2023\/04\/Booster-Poster-CoCoMS-SS23-212x300.jpg 212w, https:\/\/phonestudy.org\/wp-content\/uploads\/2023\/04\/Booster-Poster-CoCoMS-SS23-768x1086.jpg 768w, https:\/\/phonestudy.org\/wp-content\/uploads\/2023\/04\/Booster-Poster-CoCoMS-SS23-1086x1536.jpg 1086w, https:\/\/phonestudy.org\/wp-content\/uploads\/2023\/04\/Booster-Poster-CoCoMS-SS23-1448x2048.jpg 1448w, https:\/\/phonestudy.org\/wp-content\/uploads\/2023\/04\/Booster-Poster-CoCoMS-SS23-8x12.jpg 8w, https:\/\/phonestudy.org\/wp-content\/uploads\/2023\/04\/Booster-Poster-CoCoMS-SS23.jpg 1768w\" sizes=\"auto, (max-width: 362px) 100vw, 362px\" \/><\/figure>\n<\/div>\n\n\n\n<div class=\"wp-block-column is-vertically-aligned-center is-layout-flow wp-block-column-is-layout-flow\">\n<h5 class=\"wp-block-heading\" id=\"coping-with-corona-coco-studie\">Coping with Corona (CoCo) Studie<\/h5>\n\n\n\n<p>The CoCo study is a joint research project of the WWU M\u00fcnster, University of Osnabr\u00fcck and LMU Munich and deals with the investigation of various social and psychological contexts during the Corona pandemic. We are particularly interested in the extent to which smartphone data can be used to infer relationships between social interaction, personality, mood, and well-being, for example.<\/p>\n\n\n\n<div class=\"wp-block-buttons is-layout-flex wp-block-buttons-is-layout-flex\">\n<div class=\"wp-block-button is-style-primary\"><a class=\"wp-block-button__link wp-element-button\" href=\"https:\/\/ww2.unipark.de\/uc\/coco_national-0\/\" target=\"_blank\" rel=\"noreferrer noopener\"><strong>Participate in the study<\/strong><\/a><\/div>\n<\/div>\n<\/div>\n<\/div>\n\n\n\n<hr class=\"wp-block-separator has-text-color has-nv-light-bg-color has-css-opacity has-nv-light-bg-background-color has-background\"\/>\n\n\n\n<div style=\"height:43px\" aria-hidden=\"true\" class=\"wp-block-spacer\"><\/div>\n\n\n\n<div style=\"height:48px\" aria-hidden=\"true\" class=\"wp-block-spacer\"><\/div>\n\n\n\n<div class=\"wp-block-columns is-layout-flex wp-container-core-columns-is-layout-9d6595d7 wp-block-columns-is-layout-flex\">\n<div class=\"wp-block-column is-layout-flow wp-block-column-is-layout-flow\" style=\"flex-basis:100%\">\n<div class=\"wp-block-group\"><div class=\"wp-block-group__inner-container is-layout-flow wp-block-group-is-layout-flow\">\n<h2 class=\"has-text-align-center wp-block-heading\" id=\"vergangene-studien\">Past studies<\/h2>\n\n\n\n<hr class=\"wp-block-separator has-text-color has-background has-neve-button-color-background-color has-neve-button-color-color is-style-default\"\/>\n\n\n\n<div class=\"wp-block-columns is-layout-flex wp-container-core-columns-is-layout-9d6595d7 wp-block-columns-is-layout-flex\">\n<div class=\"wp-block-column is-vertically-aligned-center is-layout-flow wp-block-column-is-layout-flow\"><div class=\"wp-block-image\">\n<figure class=\"aligncenter size-large is-resized\"><img loading=\"lazy\" decoding=\"async\" src=\"https:\/\/phonestudy.org\/wp-content\/uploads\/2022\/04\/pexels-andrea-piacquadio-3779770-1_quadrat-1-1024x664.jpg\" alt=\"\" class=\"wp-image-639\" width=\"256\" height=\"166\" srcset=\"https:\/\/phonestudy.org\/wp-content\/uploads\/2022\/04\/pexels-andrea-piacquadio-3779770-1_quadrat-1-1024x664.jpg 1024w, https:\/\/phonestudy.org\/wp-content\/uploads\/2022\/04\/pexels-andrea-piacquadio-3779770-1_quadrat-1-300x195.jpg 300w, https:\/\/phonestudy.org\/wp-content\/uploads\/2022\/04\/pexels-andrea-piacquadio-3779770-1_quadrat-1-768x498.jpg 768w, https:\/\/phonestudy.org\/wp-content\/uploads\/2022\/04\/pexels-andrea-piacquadio-3779770-1_quadrat-1-1536x997.jpg 1536w, https:\/\/phonestudy.org\/wp-content\/uploads\/2022\/04\/pexels-andrea-piacquadio-3779770-1_quadrat-1-2048x1329.jpg 2048w, https:\/\/phonestudy.org\/wp-content\/uploads\/2022\/04\/pexels-andrea-piacquadio-3779770-1_quadrat-1-18x12.jpg 18w\" sizes=\"auto, (max-width: 256px) 100vw, 256px\" \/><\/figure>\n<\/div>\n\n\n<h5 class=\"wp-block-heading has-text-align-center\"><\/h5>\n\n\n\n<p><\/p>\n<\/div>\n\n\n\n<div class=\"wp-block-column is-layout-flow wp-block-column-is-layout-flow\">\n<h5 class=\"wp-block-heading\"><strong><strong><strong><strong>Dynamic interactions between personality traits and social relationships (DIPS).<\/strong><\/strong><\/strong><\/strong><\/h5>\n\n\n\n<p>The cooperation project with the University of Heidelberg (Prof. Dr. Cornelia Wrzus) and the German Institute for Economic Research (Prof. Dr. David Richter) is concerned with the study of dynamics in social relationships in everyday life. We are particularly interested in the influence of personality traits (such as extraversion, affiliation motive) and social context (e.g., social network, population density) on relationship dynamics.<\/p>\n<\/div>\n<\/div>\n\n\n\n<hr class=\"wp-block-separator has-text-color has-nv-light-bg-color has-css-opacity has-nv-light-bg-background-color has-background\"\/>\n\n\n\n<div class=\"wp-block-columns is-layout-flex wp-container-core-columns-is-layout-9d6595d7 wp-block-columns-is-layout-flex\">\n<div class=\"wp-block-column is-vertically-aligned-center is-layout-flow wp-block-column-is-layout-flow\"><div class=\"wp-block-image\">\n<figure class=\"aligncenter size-full is-resized\"><img loading=\"lazy\" decoding=\"async\" src=\"https:\/\/phonestudy.org\/wp-content\/uploads\/2022\/01\/archive.png\" alt=\"\" class=\"wp-image-491\" width=\"146\" height=\"139\" srcset=\"https:\/\/phonestudy.org\/wp-content\/uploads\/2022\/01\/archive.png 195w, https:\/\/phonestudy.org\/wp-content\/uploads\/2022\/01\/archive-13x12.png 13w\" sizes=\"auto, (max-width: 146px) 100vw, 146px\" \/><\/figure>\n<\/div>\n\n\n<h5 class=\"wp-block-heading has-text-align-center\"><\/h5>\n\n\n\n<p><\/p>\n<\/div>\n\n\n\n<div class=\"wp-block-column is-layout-flow wp-block-column-is-layout-flow\">\n<h5 class=\"wp-block-heading\"><strong>ZPID<\/strong> <strong>Study<\/strong><\/h5>\n\n\n\n<p>Together with the <a href=\"https:\/\/leibniz-psychology.org\/\">Leibniz Institute for Psychology (ZPID)<\/a> we have launched the large-scale <a href=\"https:\/\/leibniz-psychology.org\/news\/artikel\/news\/gewohnheiten-und-vorlieben-mit-dem-smartphone-erforschen\/?tx_news_pi1%5Bcontroller%5D=News&amp;tx_news_pi1%5Baction%5D=detail&amp;cHash=121c632eba504ed37e38aec4fc419886\">smartphone sensing panel study<\/a> mit \u00fcber 800 Personen durchgef\u00fchrt. Dabei haben wir uns die Smartphone-Nutzungsgewohnheiten&nbsp;aller Teilnehmer:innen \u00fcber einen Zeitraum von 3 bis 6 Monaten angeschaut, um das menschliche Erleben, Gewohnheiten und Vorlieben und das Verhalten im Alltag besser zu verstehen zu lernen.<\/p>\n<\/div>\n<\/div>\n\n\n\n<hr class=\"wp-block-separator has-text-color has-nv-light-bg-color has-css-opacity has-nv-light-bg-background-color has-background\"\/>\n<\/div><\/div>\n<\/div>\n<\/div>\n\n\n\n<div class=\"wp-block-columns is-layout-flex wp-container-core-columns-is-layout-9d6595d7 wp-block-columns-is-layout-flex\">\n<div class=\"wp-block-column is-layout-flow wp-block-column-is-layout-flow\"><div class=\"wp-block-image\">\n<figure class=\"aligncenter size-large\"><img loading=\"lazy\" decoding=\"async\" width=\"1024\" height=\"575\" src=\"https:\/\/phonestudy.org\/wp-content\/uploads\/2022\/01\/MoodyLifeStudy-1024x575.png\" alt=\"\" class=\"wp-image-332\" srcset=\"https:\/\/phonestudy.org\/wp-content\/uploads\/2022\/01\/MoodyLifeStudy-1024x575.png 1024w, https:\/\/phonestudy.org\/wp-content\/uploads\/2022\/01\/MoodyLifeStudy-300x169.png 300w, https:\/\/phonestudy.org\/wp-content\/uploads\/2022\/01\/MoodyLifeStudy-768x432.png 768w, https:\/\/phonestudy.org\/wp-content\/uploads\/2022\/01\/MoodyLifeStudy-1536x863.png 1536w, https:\/\/phonestudy.org\/wp-content\/uploads\/2022\/01\/MoodyLifeStudy-18x10.png 18w, https:\/\/phonestudy.org\/wp-content\/uploads\/2022\/01\/MoodyLifeStudy.png 2002w\" sizes=\"auto, (max-width: 1024px) 100vw, 1024px\" \/><\/figure>\n<\/div><\/div>\n\n\n\n<div class=\"wp-block-column is-vertically-aligned-center is-layout-flow wp-block-column-is-layout-flow\">\n<h5 class=\"wp-block-heading\" id=\"moody-life-study\"><strong><strong>Moody Life Study<\/strong><\/strong><\/h5>\n\n\n\n<p>This LMU research project is all about sleep. For example, we are interested in whether smartphone usage data provides information about sleep habits and sleep quality in everyday life, or how sleep behavior is related to mood and human characteristics. In this 14-day study, you will not only use our smartphone app, but also wear a movement measurement wristband and answer short questionnaires about your sleep every day.&nbsp;&nbsp;&nbsp;<\/p>\n\n\n\n<div class=\"wp-block-buttons is-layout-flex wp-block-buttons-is-layout-flex\"><\/div>\n<\/div>\n<\/div>\n\n\n\n<h5 class=\"wp-block-heading\" id=\"moody-life-study\"><\/h5>\n\n\n\n<p><\/p>","protected":false},"excerpt":{"rendered":"<p>Aktuelle Studien Coping with Corona (CoCo) Studie Die CoCo-Studie ist ein gemeinsames Forschungsprojekt der WWU M\u00fcnster, Universit\u00e4t Osnabr\u00fcck und LMU M\u00fcnchen und besch\u00e4ftigt sich mit der Erforschung verschiedener sozialer und psychologischer Zusammenh\u00e4nge w\u00e4hrend der Corona Pandemie. Hierbei interessiert uns besonders, inwiefern mit Hilfe von Smartphone Daten auf Zusammenh\u00e4nge zwischen z.B. sozialer Interaktion, Pers\u00f6nlichkeit, Stimmung und&hellip;&nbsp;<\/p>","protected":false},"author":2,"featured_media":0,"parent":0,"menu_order":1,"comment_status":"closed","ping_status":"closed","template":"","meta":{"neve_meta_sidebar":"full-width","neve_meta_container":"contained","neve_meta_enable_content_width":"on","neve_meta_content_width":90,"neve_meta_title_alignment":"","neve_meta_author_avatar":"","neve_post_elements_order":"","neve_meta_disable_header":"","neve_meta_disable_footer":"","neve_meta_disable_title":"on","footnotes":""},"class_list":["post-238","page","type-page","status-publish","hentry"],"_links":{"self":[{"href":"https:\/\/phonestudy.org\/en\/wp-json\/wp\/v2\/pages\/238","targetHints":{"allow":["GET"]}}],"collection":[{"href":"https:\/\/phonestudy.org\/en\/wp-json\/wp\/v2\/pages"}],"about":[{"href":"https:\/\/phonestudy.org\/en\/wp-json\/wp\/v2\/types\/page"}],"author":[{"embeddable":true,"href":"https:\/\/phonestudy.org\/en\/wp-json\/wp\/v2\/users\/2"}],"replies":[{"embeddable":true,"href":"https:\/\/phonestudy.org\/en\/wp-json\/wp\/v2\/comments?post=238"}],"version-history":[{"count":28,"href":"https:\/\/phonestudy.org\/en\/wp-json\/wp\/v2\/pages\/238\/revisions"}],"predecessor-version":[{"id":1327,"href":"https:\/\/phonestudy.org\/en\/wp-json\/wp\/v2\/pages\/238\/revisions\/1327"}],"wp:attachment":[{"href":"https:\/\/phonestudy.org\/en\/wp-json\/wp\/v2\/media?parent=238"}],"curies":[{"name":"wp","href":"https:\/\/api.w.org\/{rel}","templated":true}]}}