{"id":2,"date":"2021-11-10T12:11:23","date_gmt":"2021-11-10T12:11:23","guid":{"rendered":"http:\/\/phonestudy.org\/?page_id=2"},"modified":"2022-10-13T10:16:56","modified_gmt":"2022-10-13T10:16:56","slug":"sample-page","status":"publish","type":"page","link":"https:\/\/phonestudy.org\/en\/","title":{"rendered":"The PhoneStudy Project"},"content":{"rendered":"<div style=\"height:29px\" aria-hidden=\"true\" class=\"wp-block-spacer\"><\/div>\n\n\n\n<h1 class=\"has-text-align-center has-neve-text-color-color has-text-color wp-block-heading\" id=\"das-phonestudy-projekt\">The PhoneStudy Project<\/h1>\n\n\n\n<p class=\"has-text-align-center has-medium-font-size\"><strong>Online shopping, tracking athletic performance, communicating with friends?<\/strong><br><strong>Not without my smartphone!<\/strong><\/p>\n\n\n\n<p class=\"has-text-align-center has-small-font-size\">Smartphone have become our daily companion in a wide variety of situations, and in each one, we produce digital footprints that provide information about ourselves. This everyday data reflects our everyday experience and behavior, which is why we want to use this data for research. Working closely together, we, the interdisciplinary PhoneStudy team, contribute to research using state-of-the-art smartphone tracking methods and the highest privacy and transparency standards. With our PhoneStudy research app, we integrate research into everyday life and thus establish the smartphone as a mobile and privacy-friendly research laboratory.<\/p>\n\n\n\n<figure class=\"wp-block-video\"><video height=\"1080\" style=\"aspect-ratio: 1920 \/ 1080;\" width=\"1920\" controls poster=\"https:\/\/phonestudy.org\/wp-content\/uploads\/2022\/10\/Thumbnail.png\" src=\"https:\/\/phonestudy.org\/wp-content\/uploads\/2022\/10\/Trailer_final.mp4\"><\/video><\/figure>\n\n\n\n<div class=\"wp-block-buttons is-content-justification-center is-layout-flex wp-container-core-buttons-is-layout-16018d1d wp-block-buttons-is-layout-flex\">\n<div class=\"wp-block-button\"><a class=\"wp-block-button__link\" href=\"\/en\/projekt\/\">More about the project<\/a><\/div>\n\n\n\n<div class=\"wp-block-button\"><a class=\"wp-block-button__link\" href=\"\/en\/jobs\/\">Become part of the team<\/a><\/div>\n<\/div>\n\n\n\n<figure class=\"wp-block-image size-large\"><img loading=\"lazy\" decoding=\"async\" width=\"1024\" height=\"211\" src=\"http:\/\/phonestudy.org\/wp-content\/uploads\/2022\/01\/Leiste_schmall-1024x211.png\" alt=\"\" class=\"wp-image-459\" srcset=\"https:\/\/phonestudy.org\/wp-content\/uploads\/2022\/01\/Leiste_schmall-1024x211.png 1024w, https:\/\/phonestudy.org\/wp-content\/uploads\/2022\/01\/Leiste_schmall-300x62.png 300w, https:\/\/phonestudy.org\/wp-content\/uploads\/2022\/01\/Leiste_schmall-768x158.png 768w, https:\/\/phonestudy.org\/wp-content\/uploads\/2022\/01\/Leiste_schmall-1536x317.png 1536w, https:\/\/phonestudy.org\/wp-content\/uploads\/2022\/01\/Leiste_schmall-18x4.png 18w, https:\/\/phonestudy.org\/wp-content\/uploads\/2022\/01\/Leiste_schmall.png 1795w\" sizes=\"auto, (max-width: 1024px) 100vw, 1024px\" \/><\/figure>\n\n\n\n<div class=\"wp-block-cover alignwide is-light\" style=\"min-height:100vh;aspect-ratio:unset;\"><span aria-hidden=\"true\" class=\"wp-block-cover__background has-background-dim-100 has-background-dim\" style=\"background-color:#ffffff\"><\/span><div class=\"wp-block-cover__inner-container is-layout-flow wp-block-cover-is-layout-flow\">\n<div class=\"wp-block-media-text alignwide is-stacked-on-mobile is-vertically-aligned-center has-background\" style=\"background-color:#ffe8d6;grid-template-columns:30% auto\"><figure class=\"wp-block-media-text__media\"><img loading=\"lazy\" decoding=\"async\" width=\"281\" height=\"242\" src=\"http:\/\/phonestudy.org\/wp-content\/uploads\/2022\/01\/lupe_personen.png\" alt=\"\" class=\"wp-image-481 size-full\" srcset=\"https:\/\/phonestudy.org\/wp-content\/uploads\/2022\/01\/lupe_personen.png 281w, https:\/\/phonestudy.org\/wp-content\/uploads\/2022\/01\/lupe_personen-14x12.png 14w\" sizes=\"auto, (max-width: 281px) 100vw, 281px\" \/><\/figure><div class=\"wp-block-media-text__content\">\n<div style=\"height:15px\" aria-hidden=\"true\" class=\"wp-block-spacer\"><\/div>\n\n\n\n<h2 class=\"has-text-color wp-block-heading\" id=\"studien\" style=\"color:#000000;font-size:32px\"><strong><meta charset=\"utf-8\">Studies<\/strong><\/h2>\n\n\n\n<p class=\"has-text-color\" style=\"color:#000000;font-size:17px\"><meta charset=\"utf-8\">From time to time, we conduct subject studies using our PhoneStudy research app to collect smartphone data. Help us out by participating in our studies yourself!&nbsp;<\/p>\n\n\n\n<div class=\"wp-block-buttons is-layout-flex wp-block-buttons-is-layout-flex\">\n<div class=\"wp-block-button is-style-fill\"><a class=\"wp-block-button__link\" href=\"\/en\/studien\/\"><meta charset=\"utf-8\">More about our studies<\/a><\/div>\n<\/div>\n\n\n\n<p><\/p>\n<\/div><\/div>\n\n\n\n<div style=\"height:58px\" aria-hidden=\"true\" class=\"wp-block-spacer\"><\/div>\n\n\n\n<div class=\"wp-block-media-text alignwide has-media-on-the-right is-stacked-on-mobile is-vertically-aligned-center has-background\" style=\"background-color:#fff7d6;grid-template-columns:auto 30%\"><figure class=\"wp-block-media-text__media\"><img loading=\"lazy\" decoding=\"async\" width=\"267\" height=\"261\" src=\"https:\/\/phonestudy.org\/wp-content\/uploads\/2022\/01\/lupe_smartphopne-1.png\" alt=\"\" class=\"wp-image-483 size-full\" srcset=\"https:\/\/phonestudy.org\/wp-content\/uploads\/2022\/01\/lupe_smartphopne-1.png 267w, https:\/\/phonestudy.org\/wp-content\/uploads\/2022\/01\/lupe_smartphopne-1-12x12.png 12w\" sizes=\"auto, (max-width: 267px) 100vw, 267px\" \/><\/figure><div class=\"wp-block-media-text__content\">\n<div style=\"height:15px\" aria-hidden=\"true\" class=\"wp-block-spacer\"><\/div>\n\n\n\n<h2 class=\"has-text-color wp-block-heading\" id=\"unsere-forschungs-app\" style=\"color:#000000;font-size:32px\"><strong><meta charset=\"utf-8\"><meta charset=\"utf-8\"><strong>Our research app<\/strong><\/strong><\/h2>\n\n\n\n<p class=\"has-text-color\" style=\"color:#000000;font-size:17px\"><meta charset=\"utf-8\">With the PhoneStudy research app, we integrate research into everyday life and thus establish the smartphone as a mobile and privacy-friendly research laboratory.<\/p>\n\n\n\n<div class=\"wp-block-buttons is-layout-flex wp-block-buttons-is-layout-flex\">\n<div class=\"wp-block-button is-style-fill\"><a class=\"wp-block-button__link\" href=\"\/en\/app\/\"><meta charset=\"utf-8\"><meta charset=\"utf-8\">More about our app<\/a><\/div>\n<\/div>\n\n\n\n<div style=\"height:15px\" aria-hidden=\"true\" class=\"wp-block-spacer\"><\/div>\n<\/div><\/div>\n\n\n\n<div style=\"height:58px\" aria-hidden=\"true\" class=\"wp-block-spacer\"><\/div>\n\n\n\n<div class=\"wp-block-media-text alignwide is-stacked-on-mobile is-vertically-aligned-center has-background\" style=\"background-color:#ffe8d6;grid-template-columns:30% auto\"><figure class=\"wp-block-media-text__media\"><img loading=\"lazy\" decoding=\"async\" width=\"347\" height=\"278\" src=\"https:\/\/phonestudy.org\/wp-content\/uploads\/2022\/01\/team-1.png\" alt=\"\" class=\"wp-image-329 size-full\" srcset=\"https:\/\/phonestudy.org\/wp-content\/uploads\/2022\/01\/team-1.png 347w, https:\/\/phonestudy.org\/wp-content\/uploads\/2022\/01\/team-1-300x240.png 300w, https:\/\/phonestudy.org\/wp-content\/uploads\/2022\/01\/team-1-15x12.png 15w\" sizes=\"auto, (max-width: 347px) 100vw, 347px\" \/><\/figure><div class=\"wp-block-media-text__content\">\n<div style=\"height:15px\" aria-hidden=\"true\" class=\"wp-block-spacer\"><\/div>\n\n\n\n<h2 class=\"has-text-color wp-block-heading\" id=\"wer-wir-sind\" style=\"color:#000000;font-size:32px\"><strong>Who are we<\/strong><\/h2>\n\n\n\n<p class=\"has-text-color\" style=\"color:#000000;font-size:17px\">We are a small group of scientists from the departments of Psychology, Media Informatics and Statistical Learning &amp; Data Science at the Ludwig-Maximilians-Universit\u00e4t M\u00fcnchen (LMU).<\/p>\n\n\n\n<div class=\"wp-block-buttons is-layout-flex wp-block-buttons-is-layout-flex\">\n<div class=\"wp-block-button is-style-fill\"><a class=\"wp-block-button__link\" href=\"\/en\/team\/\">Learn more about us<\/a><\/div>\n<\/div>\n\n\n\n<div style=\"height:15px\" aria-hidden=\"true\" class=\"wp-block-spacer\"><\/div>\n<\/div><\/div>\n\n\n\n<div style=\"height:58px\" aria-hidden=\"true\" class=\"wp-block-spacer\"><\/div>\n\n\n\n<div class=\"wp-block-media-text alignwide has-media-on-the-right is-stacked-on-mobile is-vertically-aligned-center has-background\" style=\"background-color:#fff7d6;grid-template-columns:auto 30%\"><figure class=\"wp-block-media-text__media\"><img loading=\"lazy\" decoding=\"async\" width=\"327\" height=\"308\" src=\"https:\/\/phonestudy.org\/wp-content\/uploads\/2022\/01\/publications.png\" alt=\"\" class=\"wp-image-317 size-full\" srcset=\"https:\/\/phonestudy.org\/wp-content\/uploads\/2022\/01\/publications.png 327w, https:\/\/phonestudy.org\/wp-content\/uploads\/2022\/01\/publications-300x283.png 300w, https:\/\/phonestudy.org\/wp-content\/uploads\/2022\/01\/publications-13x12.png 13w\" sizes=\"auto, (max-width: 327px) 100vw, 327px\" \/><\/figure><div class=\"wp-block-media-text__content\">\n<div style=\"height:15px\" aria-hidden=\"true\" class=\"wp-block-spacer\"><\/div>\n\n\n\n<h2 class=\"has-text-color wp-block-heading\" id=\"publikationen\" style=\"color:#000000;font-size:32px\"><strong><meta charset=\"utf-8\">Publications<\/strong><\/h2>\n\n\n\n<p class=\"has-text-color\" style=\"color:#000000;font-size:17px\"><meta charset=\"utf-8\">We prepare our research work on the topic of smartphone use as scientific publications.&nbsp;<\/p>\n\n\n\n<div class=\"wp-block-buttons is-layout-flex wp-block-buttons-is-layout-flex\">\n<div class=\"wp-block-button is-style-fill\"><a class=\"wp-block-button__link\" href=\"\/en\/publikationen\/\"><meta charset=\"utf-8\">To the publications<\/a><\/div>\n<\/div>\n<\/div><\/div>\n<\/div><\/div>","protected":false},"excerpt":{"rendered":"<p>Das PhoneStudy Projekt Online Shopping, Tracking sportlicher Leistungen, Kommunikation mit Freunden?Nicht ohne mein Smartphone! Das Smartphone hat sich f\u00fcr uns zum t\u00e4glichen Begleiter in den verschiedensten Situationen entwickelt und bei jeder produzieren wir digitale Fu\u00dfspuren, die Auskunft \u00fcber uns geben. Diese alltagsnahen Daten spiegeln unser allt\u00e4gliches Erleben und Verhalten wider, weshalb wir diese Daten f\u00fcr&hellip;&nbsp;<\/p>","protected":false},"author":1,"featured_media":0,"parent":0,"menu_order":0,"comment_status":"closed","ping_status":"open","template":"","meta":{"neve_meta_sidebar":"full-width","neve_meta_container":"contained","neve_meta_enable_content_width":"on","neve_meta_content_width":70,"neve_meta_title_alignment":"","neve_meta_author_avatar":"","neve_post_elements_order":"","neve_meta_disable_header":"","neve_meta_disable_footer":"off","neve_meta_disable_title":"on","footnotes":""},"class_list":["post-2","page","type-page","status-publish","hentry"],"_links":{"self":[{"href":"https:\/\/phonestudy.org\/en\/wp-json\/wp\/v2\/pages\/2","targetHints":{"allow":["GET"]}}],"collection":[{"href":"https:\/\/phonestudy.org\/en\/wp-json\/wp\/v2\/pages"}],"about":[{"href":"https:\/\/phonestudy.org\/en\/wp-json\/wp\/v2\/types\/page"}],"author":[{"embeddable":true,"href":"https:\/\/phonestudy.org\/en\/wp-json\/wp\/v2\/users\/1"}],"replies":[{"embeddable":true,"href":"https:\/\/phonestudy.org\/en\/wp-json\/wp\/v2\/comments?post=2"}],"version-history":[{"count":85,"href":"https:\/\/phonestudy.org\/en\/wp-json\/wp\/v2\/pages\/2\/revisions"}],"predecessor-version":[{"id":1228,"href":"https:\/\/phonestudy.org\/en\/wp-json\/wp\/v2\/pages\/2\/revisions\/1228"}],"wp:attachment":[{"href":"https:\/\/phonestudy.org\/en\/wp-json\/wp\/v2\/media?parent=2"}],"curies":[{"name":"wp","href":"https:\/\/api.w.org\/{rel}","templated":true}]}}