{"id":1182,"date":"2022-06-17T10:15:57","date_gmt":"2022-06-17T10:15:57","guid":{"rendered":"https:\/\/phonestudy.org\/?page_id=1182"},"modified":"2023-05-03T13:08:08","modified_gmt":"2023-05-03T13:08:08","slug":"faq-nationale-coco-studie","status":"publish","type":"page","link":"https:\/\/phonestudy.org\/en\/faq-nationale-coco-studie","title":{"rendered":"FAQ &#8211; Nationale CoCo Studie"},"content":{"rendered":"<p class=\"has-nv-dark-bg-color has-text-color has-medium-font-size\"><strong>BITTE DIE APP TROTZ BENACHRICHTIGUNG NICHT AN TAG 14 DEINSTALLIEREN <\/strong><br>Die App informiert Nutzer aktuell an Studientag 14 \u00fcber die Beendung der Studie und fordert sie zur Deinstallation auf. Bitte ignorieren Sie diese Benachrichtigung und beenden Sie die Studie regul\u00e4r an Tag 28 und deinstallieren Sie die App ab Tag 31. Wir bitten um Entschuldigung und bedanken uns f\u00fcr Ihre Teilnahme.\u00a0<\/p>\n\n\n\n<p>Wir haben f\u00fcr Sie  <a href=\"https:\/\/phonestudy.org\/en\/faq-nationale-coco-studie\/#studienteilnahme\">technische Fragen sowieso m\u00f6glicherweise aufkommende Probleme<\/a> w\u00e4hrend der Studienteilnahme zusammengefasst. Im Abschnitt darunter beantworten wir <a href=\"https:\/\/phonestudy.org\/en\/faq-nationale-coco-studie\/#allgemein\">allgemeine Fragen zur App und zur Studie<\/a>. <\/p>\n\n\n\n<p>Falls Sie offene Fragen haben k\u00f6nnen Sie zun\u00e4chst in den FAQs nachsehen, ob wir ihre Frage hier bereits beantworten konnten. <\/p>\n\n\n\n<h2 class=\"wp-block-heading\">Technische Fragen &amp; Probleme w\u00e4hrend der Studienteilnahme<\/h2>\n\n\n\n<div class=\"wp-block-columns is-layout-flex wp-container-core-columns-is-layout-9d6595d7 wp-block-columns-is-layout-flex\">\n<div class=\"wp-block-column is-layout-flow wp-block-column-is-layout-flow\" style=\"flex-basis:100%\">\n<figure id=\"studienteilnahme\" class=\"wp-block-table\"><table><tbody><tr><td><strong>Die App benachrichtigt mich fr\u00fchzeitig (Studientag 14) \u00fcber das Studienende und fordert mich zur Deinstallation auf.<\/strong><\/td><td>Bitte ignorieren Sie diese Aufforderung und deinstallieren Sie die App NICHT und nehmen wie gehabt an der Studie teil durch das regelm\u00e4\u00dfige Beantworten der Momentaufnahmen. <br>Die Studie ist an Studientag 28 beendet. Ab Studientag 31 k\u00f6nnen Sie die App deinstallieren.<\/td><\/tr><tr><td><strong>Ich erhalte jeden Abend eine Momentaufnahme, die mich auch bez\u00fcglich der zur\u00fcckliegenden Woche befragt. <\/strong><\/td><td>Leider erhalten einige Teilnehmer ab Tag 7 jeden Abend eine verl\u00e4ngerte Version des Abendfragebogens, der sich auf die zur\u00fcckliegende Woche bezieht. Dieser sollte einmal pro Woche ausgef\u00fcllt werden.<br><br>Wir entschuldigen uns daf\u00fcr, falls Sie von dieser Problematik betroffen sind. In diesem Fall bitten wir Sie die Abendbefragung weiterhin t\u00e4glich auszuf\u00fcllen. Die Fragen, die sich auf die vergangenen Woche beziehen d\u00fcrfen Sie dabei gerne auslassen indem Sie die App einfach schlie\u00dfen. Es gen\u00fcgt uns in diesem Fall eine vollst\u00e4ndige Beantwortung des Abendfragebogens inklusive der wochenbezogenen Fragen JEDEN SONNTAG.<\/td><\/tr><tr><td><strong>Sie haben keine Momentaufnahme-Frageb\u00f6gen erhalten.<\/strong><\/td><td>Manchmal h\u00e4ngt sich die App auch einfach nur kurz auf.&nbsp;<br>Deswegen w\u00e4re es super, wenn Sie Ihr Handy einmal neu starten k\u00f6nnten.<br>Bitte versuchen Sie in jedem Fall so gut wie m\u00f6glich weiter an der Studie teilzunehmen und so gut es geht die Frageb\u00f6gen zu beantworten.&nbsp;<br>Wir werden das nat\u00fcrlich bei der Verg\u00fctung ber\u00fccksichtigen und diese technischen Fehler werden nicht zu Ihrem Nachteil sein.<\/td><\/tr><tr><td><strong>Sie haben den Momentaufnahme-Frageb\u00f6gen versehentlich geschlossen.<\/strong><\/td><td>Die Momentaufnahme Befragungen sind so ausgelegt, dass sie die Teilnehmer:innen in m\u00f6glichst vielen zuf\u00e4lligen Momenten \u00fcber den Tag verteilt erreichen sollen. <br>Daher ist es ohnehin normal, dass die Momentaufnahmen nach einer bestimmten Zeit wieder verschwinden und nicht alle Momentaufnahmen beantwortet werden k\u00f6nnen.<br>Leider ist es aber nicht m\u00f6glich abgebrochene Momentaufnahmen nochmal manuell zu starten. Machen Sie sich aber keine Sorgen &#8211; es wird weder erwartet (noch ist es \u00fcblich), dass Teilnehmer:innen alle Momentaufnahmen beantworten.<\/td><\/tr><tr><td><strong>Der Button zum Pr\u00e4-\/Post-Fragebogen in der App verschwindet nicht, obwohl ich den Fragebogen vollst\u00e4ndig ausgef\u00fcllt habe<\/strong>.<\/td><td>Um Akku zu sparen, synchronisiert die App nicht durchgehend, sondern nur wenige Male am Tag, ob der Pr\u00e4\/Post-Fragebogen schon gestartet wurde.<br>Sollten Sie beim Fragebogen also bis zur letzten Seite (\u201cDanke Sie k\u00f6nnen das Browser-Fenster jetzt schlie\u00dfen\u201d) gelangt sein, dann machen Sie sich keine Sorgen.<br>Der Button wird normalerweise innerhalb der n\u00e4chsten Stunden (oder sp\u00e4testens am n\u00e4chsten Tag) verschwinden.<\/td><\/tr><\/tbody><\/table><\/figure>\n<\/div>\n<\/div>\n\n\n\n<h2 class=\"wp-block-heading\">Allgemeines zu App &amp; Studie<\/h2>\n\n\n\n<figure id=\"allgemein\" class=\"wp-block-table\"><table><tbody><tr><td><strong>Wie hei\u00dft die App?<\/strong><\/td><td>Unsere Forschungs-App hei\u00dft \u201cPhoneStudy\u201d und ist am dunkelgr\u00fcnen \u201cLMU\u201d-Logo zu erkennen.<\/td><\/tr><tr><td><strong>Wie lange geht die Studie?<\/strong><\/td><td>Die Studie beginnt am Tag nach der Installation (Tag 1) und wird nach 28 Tagen beendet. \u00dcber den Start-Bildschirm der PhoneStudy-App k\u00f6nnen Sie nachverfolgen, wie lange Sie schon teilnehmen.<\/td><\/tr><tr><td><strong>Brauche ich zur Teilnahme eine Internetverbindung auf meinem Smartphone?<\/strong><\/td><td>Sie ben\u00f6tigen zum Download der App und beim Abschluss der Studie eine Internetverbindung. Wir bitten Sie, eine WLAN-Internetverbindung herzustellen, bevor Sie die App am letzten Tag deinstallieren. <br>W\u00e4hrend der Dauer der Studienteilnahme ben\u00f6tigen Sie keine durchg\u00e4ngige Verbindung zum Internet. Die Fragebogen-Antworten k\u00f6nnen auch tempor\u00e4r auf dem Handy gespeichert und dann erst bei der n\u00e4chsten Verbindung mit dem Internet an den sicheren Server \u00fcbertragen werden.<br>Um sicherzustellen, dass dies problemlos klappt und die lokal (auf dem Smartphone) zwischengespeicherten Datenmengen nicht zu umfangreich werden, sollte das Handy jedoch zumindest einmal pro Tag mit dem Internet (W-Lan oder Mobile Daten) verbunden sein. So wird sichergestellt, dass die automatische \u00dcbertragung funktioniert.<\/td><\/tr><tr><td><strong>Wie soll ich mich w\u00e4hrend der Studie verhalten?<\/strong><\/td><td>Bitte gestalten Sie Ihren Alltag ganz so, wie Sie es auch sonst tun w\u00fcrden. Unsere einzige Bitte w\u00e4re, dass Sie Ihr Smartphone m\u00f6glichst oft bei sich tragen und m\u00f6glichst viele unserer kurzen Frageb\u00f6gen beantworten (siehe n\u00e4chste Frage).<\/td><\/tr><tr><td><strong>Welche Frageb\u00f6gen gibt es?<\/strong><\/td><td>Zu Beginn und am Ende der Studie senden wir Ihnen zwei l\u00e4ngere Frageb\u00f6gen. Diese finden Sie auch unter dem Begriff Pr\u00e4- oder Postfragebogen in der App. Au\u00dferdem senden wir Ihnen im Verlauf Ihrer Studienteilnahme mehrmals am Tag einige sehr kurze Frageb\u00f6gen, sogenannte Momentaufnahmen, in denen wir uns daf\u00fcr interessieren, was Sie genau in diesem Moment erleben und f\u00fchlen. Zudem gibt es jeden Abend einen Abendfragebogen, hierbei handelt es sich um eine erweiterte Form der Momentaufnahme.<\/td><\/tr><tr><td><strong>Wie viele Frageb\u00f6gen soll ich beantworten?<\/strong><\/td><td>F\u00fcr die erfolgreiche Teilnahme an der Studie und der Berechtigung auf die Verg\u00fctung m\u00fcssen mindestens 50% der Momentaufnahmen, sowie der Pr\u00e4- und Postfragebogen beantwortet werden.<\/td><\/tr><tr><td><strong>Wie sind die Fragen zur Stimmung zu beantworten?<\/strong><\/td><td>Die Fragen zur Stimmung haben jeweils zwei Endpunkte, also z.B. \u201cunzufrieden\u201d und \u201czufrieden\u201d. Wenn Sie den Tag \u00fcber sehr unzufrieden waren, w\u00e4hlen Sie bitte \u201c-3\u201d und wenn Sie sehr zufrieden waren \u201c3\u201d. Mit den Werten dazwischen k\u00f6nnen Sie Ihre Antwort abstufen.<\/td><\/tr><tr><td><strong>Ich schreibe oder telefoniere auf meinem Smartphone viel auf einer anderen Sprache als Deutsch. Ist eine Teilnahme dann auch m\u00f6glich?<\/strong><\/td><td>Ja, Sie k\u00f6nnen gerne teilnehmen. Wichtig ist nur, dass Sie Deutsch auf einem Muttersprache Niveau beherrschen, damit Sie die Frageb\u00f6gen, die wir Sie bitten zu beantworten, gut verstehen k\u00f6nnen.<\/td><\/tr><tr><td><strong>Was verstehen wir unter pers\u00f6nlichem Kontakt?<\/strong><\/td><td>Unter pers\u00f6nlichem Kontakt verstehen wir gemeinsame Aktivit\u00e4ten, bei denen Sie mit anderen Personen am gleichen Ort sind und mit ihnen interagieren, also z.B. Unterhaltungen, Treffen, Spiele\/Sport, oder gemeinsames Fernsehgucken. Videoanrufe und Telefonieren fallen also nicht unter pers\u00f6nlichen Kontakt. Wenn Sie sich mit Fremden zusammen an einem Ort, z.B. in der Bahn, befinden, aber nicht mit ihnen interagieren, z\u00e4hlt das f\u00fcr uns auch nicht als pers\u00f6nlicher Kontakt.&nbsp;<\/td><\/tr><tr><td><strong>Warum erfolgt die Installation nicht \u00fcber den PlayStore?<\/strong><\/td><td>Wir wollen nicht, dass jede Person die App herunterladen kann, sondern nur die Personen, die wir zur Studie einladen.<\/td><\/tr><tr><td><strong>Welche Smartphones werden unterst\u00fctzt?<\/strong><\/td><td>Bisher werden nur Smartphones mit Android-Betriebssystem (Version 6 oder neuer) unterst\u00fctzt. Nicht unterst\u00fctzt werden Ger\u00e4te mit anderen Betriebssystemen, wie zum Beispiel iPhones, Blackberry Ger\u00e4te und Windows-Phones.<\/td><\/tr><tr><td><strong>Was, wenn ich im Alltag mehrere Smartphones verwende? Welches soll ich in der Studie nehmen?<\/strong><\/td><td>Verwenden Sie bitte Ihr privat genutztes Smartphone. Die Teilnahme an der Studie ist grunds\u00e4tzlich nur m\u00f6glich, wenn Sie privat nur ein Smartphone verwenden. Wenn Sie neben Ihrem privaten Smartphone noch ein Smartphone f\u00fcr Ihre Arbeit verwenden, nutzen Sie f\u00fcr die Studienteilnahme bitte nur Ihr privates Ger\u00e4t!<\/td><\/tr><tr><td><strong>Smartphonewechsel w\u00e4hrend der Studie. Was tun?<\/strong><\/td><td>Bitte teilen Sie uns f\u00fcr einen Smartphonewechsel Ihren aktuellen PhoneStudy Benutzernamen mit. Wenn Sie uns Ihren Benutzernamen mitteilen, k\u00f6nnen wir Ihnen die App-Datei noch einmal zusenden. Diese installieren Sie dann wie gehabt und teilen uns unbedingt Ihren neuen PhoneStudy Benutzernamen mit!&nbsp;<br>Den PhoneStudy Benutzernamen finden Sie auf der Startseite der PhoneStudy App.<br><\/td><\/tr><tr><td><strong>Wann kann ich die App wieder deinstallieren?<\/strong><\/td><td>Bitte deinstallieren Sie die App nach Ablauf der Studie nicht sofort! Es kann noch 1-2 Tage dauern, bis alle Daten \u00fcbertragen wurden und somit vollst\u00e4ndig gesichert sind. Nach dem Studienende erhalten Sie eine Benachrichtigung sobald Sie die App deinstallieren k\u00f6nnen. Die Deinstallation funktioniert, indem Sie auf Einstellungen &gt; Anwendungen &gt; Anwendungsmanager &gt; Installierte Apps gehen und anschlie\u00dfend die PhoneStudy-App deinstallieren.<\/td><\/tr><tr><td><strong>Sind meine pers\u00f6nlichen Daten sicher?<\/strong><\/td><td>Wir sorgen f\u00fcr h\u00f6chstm\u00f6gliche Sicherheitsvorkehrungen bei der Datenverarbeitung. Ihre Daten werden \u00fcber eine sichere Verbindung an uns \u00fcbertragen auf gesicherten deutschen Server in verschl\u00fcsselter Form gespeichert. Der Zugang zu diesen Servern ist nur einzelnen Forschern nach entsprechender Authentifizierung gestattet. Nach Ablauf der Studie werden die Daten auf Offline-Server verschoben, auf die nur die am Projekt beteiligten Forscher Zugriff haben. N\u00e4here Informationen zum Datenschutz erhalten Sie im Verlauf des Anmeldeprozesses f\u00fcr diese Studie.<\/td><\/tr><\/tbody><\/table><\/figure>\n\n\n\n<p>Falls wir Ihre Frage nicht in den FAQs beantworten konnten, k\u00f6nnen Sie uns nat\u00fcrlich jederzeit unter folgender E-Mail Adresse kontaktieren: <a href=\"mailto:Phonestudy@psy.lmu.de\">Phonestudy@psy.lmu.de<\/a> <\/p>","protected":false},"excerpt":{"rendered":"<p>BITTE DIE APP TROTZ BENACHRICHTIGUNG NICHT AN TAG 14 DEINSTALLIEREN Die App informiert Nutzer aktuell an Studientag 14 \u00fcber die Beendung der Studie und fordert sie zur Deinstallation auf. Bitte ignorieren Sie diese Benachrichtigung und beenden Sie die Studie regul\u00e4r an Tag 28 und deinstallieren Sie die App ab Tag 31. Wir bitten um Entschuldigung&hellip;&nbsp;<\/p>","protected":false},"author":2,"featured_media":0,"parent":0,"menu_order":0,"comment_status":"closed","ping_status":"closed","template":"","meta":{"neve_meta_sidebar":"","neve_meta_container":"","neve_meta_enable_content_width":"","neve_meta_content_width":0,"neve_meta_title_alignment":"","neve_meta_author_avatar":"","neve_post_elements_order":"","neve_meta_disable_header":"","neve_meta_disable_footer":"","neve_meta_disable_title":"","footnotes":""},"class_list":["post-1182","page","type-page","status-publish","hentry"],"_links":{"self":[{"href":"https:\/\/phonestudy.org\/en\/wp-json\/wp\/v2\/pages\/1182","targetHints":{"allow":["GET"]}}],"collection":[{"href":"https:\/\/phonestudy.org\/en\/wp-json\/wp\/v2\/pages"}],"about":[{"href":"https:\/\/phonestudy.org\/en\/wp-json\/wp\/v2\/types\/page"}],"author":[{"embeddable":true,"href":"https:\/\/phonestudy.org\/en\/wp-json\/wp\/v2\/users\/2"}],"replies":[{"embeddable":true,"href":"https:\/\/phonestudy.org\/en\/wp-json\/wp\/v2\/comments?post=1182"}],"version-history":[{"count":20,"href":"https:\/\/phonestudy.org\/en\/wp-json\/wp\/v2\/pages\/1182\/revisions"}],"predecessor-version":[{"id":1339,"href":"https:\/\/phonestudy.org\/en\/wp-json\/wp\/v2\/pages\/1182\/revisions\/1339"}],"wp:attachment":[{"href":"https:\/\/phonestudy.org\/en\/wp-json\/wp\/v2\/media?parent=1182"}],"curies":[{"name":"wp","href":"https:\/\/api.w.org\/{rel}","templated":true}]}}